{"id":84,"date":"2015-12-11T15:47:36","date_gmt":"2015-12-11T13:47:36","guid":{"rendered":"http:\/\/158.129.51.247:8888\/?page_id=84"},"modified":"2026-03-27T09:23:12","modified_gmt":"2026-03-27T07:23:12","slug":"saugykla","status":"publish","type":"page","link":"https:\/\/clarin-lt.lt\/?page_id=84","title":{"rendered":"Saugykla"},"content":{"rendered":"\n<table border=\"0\">\n<tbody>\n<tr>\n<td>\u00a0\u00a0<a href=\"https:\/\/clarin.vdu.lt\/xmlui\/?locale-attribute=lt\" target=\"_blank\" rel=\"noopener\"><img loading=\"lazy\" decoding=\"async\" class=\"wp-image-341 size-thumbnail aligncenter\" src=\"https:\/\/clarin-lt.lt\/wp-content\/uploads\/2016\/10\/logo.png\" alt=\"paieska_DLKT\" width=\"100\" height=\"100\" \/><\/a><\/td>\n<td style=\"vertical-align: middle;\">\n<p>DEPONUOKITE ARBA PARSISI\u0172SKITE KALBOS I\u0160TEKLIUS<\/p>\n<p><a href=\"https:\/\/clarin-repo.lt\/home\"><strong>CLARIN-LT Saugykla<\/strong><\/a><\/p>\n<p>Duomen\u0173 baz\u0117 skirta kalbos i\u0161tekliams saugoti ir jais dalintis.<\/p>\n<\/td>\n<\/tr>\n<tr>\n<td><a href=\"http:\/\/corpus.vdu.lt\/lt\/\" target=\"_blank\" rel=\"noopener\"><img loading=\"lazy\" decoding=\"async\" class=\"wp-image-341 size-thumbnail aligncenter\" src=\"https:\/\/clarin-lt.lt\/wp-content\/uploads\/2015\/12\/paieska_DLKT.png\" alt=\"paieska_DLKT\" width=\"150\" height=\"150\" srcset=\"https:\/\/clarin-lt.lt\/wp-content\/uploads\/2015\/12\/paieska_DLKT.png 150w, https:\/\/clarin-lt.lt\/wp-content\/uploads\/2015\/12\/paieska_DLKT-100x100.png 100w\" sizes=\"auto, (max-width: 150px) 100vw, 150px\" \/><\/a><\/td>\n<td style=\"vertical-align: middle;\">\n<p><a href=\"https:\/\/sitti.vdu.lt\/paslaugos\/\" target=\"_blank\" rel=\"noopener\">SITTI paslaugos<\/s><\/p>\n<\/td>\n<\/tr>\n<tr>\n<td>\u00a0\u00a0\u00a0\u00a0<a href=\"https:\/\/clarin-lt.lt\/?page_id=778\" target=\"_blank\" rel=\"noopener\"><img loading=\"lazy\" decoding=\"async\" class=\"wp-image-776 size-thumbnail aligncenter\" src=\"https:\/\/clarin-lt.lt\/wp-content\/uploads\/2015\/12\/hashing-function-hash-data-digest-512-150x150.png\" alt=\"Duomen\u0173 valdymo planas\" width=\"80\" height=\"80\" srcset=\"https:\/\/clarin-lt.lt\/wp-content\/uploads\/2015\/12\/hashing-function-hash-data-digest-512-150x150.png 150w, https:\/\/clarin-lt.lt\/wp-content\/uploads\/2015\/12\/hashing-function-hash-data-digest-512-300x300.png 300w, https:\/\/clarin-lt.lt\/wp-content\/uploads\/2015\/12\/hashing-function-hash-data-digest-512-100x100.png 100w, https:\/\/clarin-lt.lt\/wp-content\/uploads\/2015\/12\/hashing-function-hash-data-digest-512-200x200.png 200w, https:\/\/clarin-lt.lt\/wp-content\/uploads\/2015\/12\/hashing-function-hash-data-digest-512-450x450.png 450w, https:\/\/clarin-lt.lt\/wp-content\/uploads\/2015\/12\/hashing-function-hash-data-digest-512.png 512w\" sizes=\"auto, (max-width: 80px) 100vw, 80px\" \/><\/a><\/td>\n<td style=\"vertical-align: middle;\"><strong><a href=\"https:\/\/clarin-lt.lt\/?page_id=778\" target=\"_blank\" rel=\"noopener\">DUOMEN\u0172 VALDYMO PLANAS<\/a><\/strong><\/td>\n<\/tr>\n<\/tbody>\n<\/table>\n\n\n\n<hr class=\"wp-block-separator has-css-opacity\"\/>\n\n\n\n<figure class=\"wp-block-image size-large\"><a href=\"https:\/\/clarin-lt.lt\/wp-content\/uploads\/2026\/01\/CLARIN-LT-istekliai.png\"><img loading=\"lazy\" decoding=\"async\" width=\"410\" height=\"1024\" src=\"https:\/\/clarin-lt.lt\/wp-content\/uploads\/2026\/01\/CLARIN-LT-istekliai-410x1024.png\" alt=\"\" class=\"wp-image-3551\" srcset=\"https:\/\/clarin-lt.lt\/wp-content\/uploads\/2026\/01\/CLARIN-LT-istekliai-410x1024.png 410w, https:\/\/clarin-lt.lt\/wp-content\/uploads\/2026\/01\/CLARIN-LT-istekliai-120x300.png 120w, https:\/\/clarin-lt.lt\/wp-content\/uploads\/2026\/01\/CLARIN-LT-istekliai-768x1920.png 768w, https:\/\/clarin-lt.lt\/wp-content\/uploads\/2026\/01\/CLARIN-LT-istekliai-819x2048.png 819w, https:\/\/clarin-lt.lt\/wp-content\/uploads\/2026\/01\/CLARIN-LT-istekliai-100x250.png 100w, https:\/\/clarin-lt.lt\/wp-content\/uploads\/2026\/01\/CLARIN-LT-istekliai-150x375.png 150w, https:\/\/clarin-lt.lt\/wp-content\/uploads\/2026\/01\/CLARIN-LT-istekliai-200x500.png 200w, https:\/\/clarin-lt.lt\/wp-content\/uploads\/2026\/01\/CLARIN-LT-istekliai-300x750.png 300w, https:\/\/clarin-lt.lt\/wp-content\/uploads\/2026\/01\/CLARIN-LT-istekliai-450x1125.png 450w, https:\/\/clarin-lt.lt\/wp-content\/uploads\/2026\/01\/CLARIN-LT-istekliai-600x1500.png 600w, https:\/\/clarin-lt.lt\/wp-content\/uploads\/2026\/01\/CLARIN-LT-istekliai-900x2250.png 900w\" sizes=\"auto, (max-width: 410px) 100vw, 410px\" \/><\/a><\/figure>\n\n\n\n<hr class=\"wp-block-separator has-css-opacity\"\/>\n\n\n\n<p><strong>Su\u017einokite, kaip \u012fkelti i\u0161teklius \u012f CLARIN-LT saugykl\u0105:<\/strong><\/p>\n\n\n\n<p>(spauskite paveiksl\u0117l\u012f)<\/p>\n\n\n\n<figure class=\"wp-block-image size-full is-resized\"><a href=\"https:\/\/drive.google.com\/file\/d\/1biT946vHi1m0GH3W3ou915Vm0L0xaCbI\/view?usp=sharing\"><img loading=\"lazy\" decoding=\"async\" width=\"377\" height=\"536\" src=\"https:\/\/clarin-lt.lt\/wp-content\/uploads\/2025\/11\/image-19.png\" alt=\"\" class=\"wp-image-3255\" style=\"width:273px;height:388px\" srcset=\"https:\/\/clarin-lt.lt\/wp-content\/uploads\/2025\/11\/image-19.png 377w, https:\/\/clarin-lt.lt\/wp-content\/uploads\/2025\/11\/image-19-211x300.png 211w, https:\/\/clarin-lt.lt\/wp-content\/uploads\/2025\/11\/image-19-100x142.png 100w, https:\/\/clarin-lt.lt\/wp-content\/uploads\/2025\/11\/image-19-150x213.png 150w, https:\/\/clarin-lt.lt\/wp-content\/uploads\/2025\/11\/image-19-200x284.png 200w, https:\/\/clarin-lt.lt\/wp-content\/uploads\/2025\/11\/image-19-300x427.png 300w\" sizes=\"auto, (max-width: 377px) 100vw, 377px\" \/><\/a><\/figure>\n\n\n\n<hr class=\"wp-block-separator has-css-opacity\"\/>\n","protected":false},"excerpt":{"rendered":"<p>\u00a0\u00a0 DEPONUOKITE ARBA PARSISI\u0172SKITE KALBOS I\u0160TEKLIUS CLARIN-LT Saugykla Duomen\u0173 baz\u0117 skirta kalbos i\u0161tekliams saugoti ir jais dalintis. SITTI paslaugos \u00a0\u00a0\u00a0\u00a0 DUOMEN\u0172 VALDYMO PLANAS Su\u017einokite, kaip \u012fkelti i\u0161teklius \u012f CLARIN-LT saugykl\u0105: (spauskite paveiksl\u0117l\u012f)<\/p>\n","protected":false},"author":6,"featured_media":0,"parent":0,"menu_order":4,"comment_status":"closed","ping_status":"closed","template":"full-width-page.php","meta":{"footnotes":""},"class_list":["post-84","page","type-page","status-publish","hentry"],"_links":{"self":[{"href":"https:\/\/clarin-lt.lt\/index.php?rest_route=\/wp\/v2\/pages\/84","targetHints":{"allow":["GET"]}}],"collection":[{"href":"https:\/\/clarin-lt.lt\/index.php?rest_route=\/wp\/v2\/pages"}],"about":[{"href":"https:\/\/clarin-lt.lt\/index.php?rest_route=\/wp\/v2\/types\/page"}],"author":[{"embeddable":true,"href":"https:\/\/clarin-lt.lt\/index.php?rest_route=\/wp\/v2\/users\/6"}],"replies":[{"embeddable":true,"href":"https:\/\/clarin-lt.lt\/index.php?rest_route=%2Fwp%2Fv2%2Fcomments&post=84"}],"version-history":[{"count":49,"href":"https:\/\/clarin-lt.lt\/index.php?rest_route=\/wp\/v2\/pages\/84\/revisions"}],"predecessor-version":[{"id":3799,"href":"https:\/\/clarin-lt.lt\/index.php?rest_route=\/wp\/v2\/pages\/84\/revisions\/3799"}],"wp:attachment":[{"href":"https:\/\/clarin-lt.lt\/index.php?rest_route=%2Fwp%2Fv2%2Fmedia&parent=84"}],"curies":[{"name":"wp","href":"https:\/\/api.w.org\/{rel}","templated":true}]}}