{"id":82,"date":"2015-12-11T15:47:14","date_gmt":"2015-12-11T13:47:14","guid":{"rendered":"http:\/\/158.129.51.247:8888\/?page_id=82"},"modified":"2025-11-13T10:56:50","modified_gmt":"2025-11-13T08:56:50","slug":"paslaugos","status":"publish","type":"page","link":"https:\/\/clarin-lt.lt\/?page_id=82","title":{"rendered":"Paslaugos"},"content":{"rendered":"<table border=\"0\">\n<tbody>\n<tr>\n<td><a href=\"http:\/\/corpus.vdu.lt\/lt\/\" target=\"_blank\" rel=\"noopener\"><img loading=\"lazy\" decoding=\"async\" class=\"alignnone size-full wp-image-341\" src=\"https:\/\/clarin-lt.lt\/wp-content\/uploads\/2015\/12\/paieska_DLKT.png\" alt=\"paieska_DLKT\" width=\"150\" height=\"150\" srcset=\"https:\/\/clarin-lt.lt\/wp-content\/uploads\/2015\/12\/paieska_DLKT.png 150w, https:\/\/clarin-lt.lt\/wp-content\/uploads\/2015\/12\/paieska_DLKT-100x100.png 100w\" sizes=\"auto, (max-width: 150px) 100vw, 150px\" \/><\/a><\/td>\n<td><a href=\"https:\/\/sitti.vdu.lt\/paslaugos\/\">SITTI paslaugos<\/a><\/td>\n<\/tr>\n<tr>\n<td>\u00a0\u00a0\u00a0\u00a0<a href=\"https:\/\/clarin.vdu.lt\/xmlui\/?locale-attribute=lt\" target=\"_blank\" rel=\"noopener\"><img loading=\"lazy\" decoding=\"async\" class=\"alignmiddle size-full wp-image-341\" src=\"https:\/\/clarin-lt.lt\/wp-content\/uploads\/2016\/10\/logo.png\" alt=\"paieska_DLKT\" width=\"100\" height=\"100\" \/><\/a><\/td>\n<td>SAUGOKITE ARBA PARSISI\u0172SKITE KALBOS I\u0160TEKLIUS\n<p>\u00a0<\/p>\n<p><a href=\"https:\/\/clarin.vdu.lt\/xmlui\/?locale-attribute=lt\"><strong>CLARIN-LT Saugykla<\/strong><\/a><\/p>\n<\/td>\n<\/tr>\n<tr>\n<td style=\"text-align: center;\">\u00a0<a href=\"https:\/\/clarin-lt.lt\/wp-content\/uploads\/2015\/12\/attention-2.png\" rel=\"attachment wp-att-658\"><img loading=\"lazy\" decoding=\"async\" class=\"alignnone size-full wp-image-658\" src=\"https:\/\/clarin-lt.lt\/wp-content\/uploads\/2015\/12\/attention-2.png\" alt=\"attention-2\" width=\"60\" height=\"53\" \/><\/a><\/td>\n<td><span style=\"color: #ff0000;\"><strong>D\u0117mesio<\/strong>!<\/span> Jeigu nepavyko prie saugyklos prisijungti d\u0117l DNS klaidos,<br \/>tai bandykite sukonfig\u016bruoti savo kompiuter\u012f, kad jis naudot\u0173 <a href=\"https:\/\/tunecomp.net\/google-dns-8-8-8-8\/\">Google Public DNS<\/a>.<\/td>\n<\/tr>\n<\/tbody>\n<\/table>\n\n\n<figure class=\"wp-block-image size-large\"><a href=\"https:\/\/clarin-lt.lt\/wp-content\/uploads\/2025\/11\/White-And-Blue-Modern-Tips-To-Create-An-Infographic-Instagram-Post-1.jpg\"><img loading=\"lazy\" decoding=\"async\" width=\"1024\" height=\"1024\" src=\"https:\/\/clarin-lt.lt\/wp-content\/uploads\/2025\/11\/White-And-Blue-Modern-Tips-To-Create-An-Infographic-Instagram-Post-1-1024x1024.jpg\" alt=\"\" class=\"wp-image-3177\" srcset=\"https:\/\/clarin-lt.lt\/wp-content\/uploads\/2025\/11\/White-And-Blue-Modern-Tips-To-Create-An-Infographic-Instagram-Post-1-1024x1024.jpg 1024w, https:\/\/clarin-lt.lt\/wp-content\/uploads\/2025\/11\/White-And-Blue-Modern-Tips-To-Create-An-Infographic-Instagram-Post-1-300x300.jpg 300w, https:\/\/clarin-lt.lt\/wp-content\/uploads\/2025\/11\/White-And-Blue-Modern-Tips-To-Create-An-Infographic-Instagram-Post-1-150x150.jpg 150w, https:\/\/clarin-lt.lt\/wp-content\/uploads\/2025\/11\/White-And-Blue-Modern-Tips-To-Create-An-Infographic-Instagram-Post-1-768x768.jpg 768w, https:\/\/clarin-lt.lt\/wp-content\/uploads\/2025\/11\/White-And-Blue-Modern-Tips-To-Create-An-Infographic-Instagram-Post-1-1536x1536.jpg 1536w, https:\/\/clarin-lt.lt\/wp-content\/uploads\/2025\/11\/White-And-Blue-Modern-Tips-To-Create-An-Infographic-Instagram-Post-1-2048x2048.jpg 2048w, https:\/\/clarin-lt.lt\/wp-content\/uploads\/2025\/11\/White-And-Blue-Modern-Tips-To-Create-An-Infographic-Instagram-Post-1-100x100.jpg 100w, https:\/\/clarin-lt.lt\/wp-content\/uploads\/2025\/11\/White-And-Blue-Modern-Tips-To-Create-An-Infographic-Instagram-Post-1-200x200.jpg 200w, https:\/\/clarin-lt.lt\/wp-content\/uploads\/2025\/11\/White-And-Blue-Modern-Tips-To-Create-An-Infographic-Instagram-Post-1-450x450.jpg 450w, https:\/\/clarin-lt.lt\/wp-content\/uploads\/2025\/11\/White-And-Blue-Modern-Tips-To-Create-An-Infographic-Instagram-Post-1-600x600.jpg 600w, https:\/\/clarin-lt.lt\/wp-content\/uploads\/2025\/11\/White-And-Blue-Modern-Tips-To-Create-An-Infographic-Instagram-Post-1-900x900.jpg 900w\" sizes=\"auto, (max-width: 1024px) 100vw, 1024px\" \/><\/a><\/figure>\n","protected":false},"excerpt":{"rendered":"<p>SITTI paslaugos \u00a0\u00a0\u00a0\u00a0 SAUGOKITE ARBA PARSISI\u0172SKITE KALBOS I\u0160TEKLIUS \u00a0 CLARIN-LT Saugykla \u00a0 D\u0117mesio! Jeigu nepavyko prie saugyklos prisijungti d\u0117l DNS klaidos,tai bandykite sukonfig\u016bruoti savo kompiuter\u012f, kad jis naudot\u0173 Google Public DNS.<\/p>\n","protected":false},"author":6,"featured_media":0,"parent":0,"menu_order":2,"comment_status":"closed","ping_status":"closed","template":"","meta":{"footnotes":""},"class_list":["post-82","page","type-page","status-publish","hentry"],"_links":{"self":[{"href":"https:\/\/clarin-lt.lt\/index.php?rest_route=\/wp\/v2\/pages\/82","targetHints":{"allow":["GET"]}}],"collection":[{"href":"https:\/\/clarin-lt.lt\/index.php?rest_route=\/wp\/v2\/pages"}],"about":[{"href":"https:\/\/clarin-lt.lt\/index.php?rest_route=\/wp\/v2\/types\/page"}],"author":[{"embeddable":true,"href":"https:\/\/clarin-lt.lt\/index.php?rest_route=\/wp\/v2\/users\/6"}],"replies":[{"embeddable":true,"href":"https:\/\/clarin-lt.lt\/index.php?rest_route=%2Fwp%2Fv2%2Fcomments&post=82"}],"version-history":[{"count":20,"href":"https:\/\/clarin-lt.lt\/index.php?rest_route=\/wp\/v2\/pages\/82\/revisions"}],"predecessor-version":[{"id":3187,"href":"https:\/\/clarin-lt.lt\/index.php?rest_route=\/wp\/v2\/pages\/82\/revisions\/3187"}],"wp:attachment":[{"href":"https:\/\/clarin-lt.lt\/index.php?rest_route=%2Fwp%2Fv2%2Fmedia&parent=82"}],"curies":[{"name":"wp","href":"https:\/\/api.w.org\/{rel}","templated":true}]}}