{"id":778,"date":"2019-05-27T09:34:49","date_gmt":"2019-05-27T07:34:49","guid":{"rendered":"http:\/\/158.129.51.247:8888\/?page_id=778"},"modified":"2025-04-30T07:30:14","modified_gmt":"2025-04-30T05:30:14","slug":"duomenu-valdymo-planas","status":"publish","type":"page","link":"https:\/\/clarin-lt.lt\/?page_id=778","title":{"rendered":"Duomen\u0173 valdymo planas"},"content":{"rendered":"<p><strong>Duomen\u0173 valdymo planas<\/strong> (angl. Data Management Plan) apibr\u0117\u017eiamas kaip \u201eprojekto duomen\u0173 kaupimo, saugojimo ir j\u0173 prieinamumo dokumentas, kuriame nurodoma, kas bus daroma projekto metu ir jam pasibaigus, kad duomenys b\u016bt\u0173 kaupiami saugiai ir patikimai; kaip ir kokiomis s\u0105lygomis jie bus prieinami pakartotiniam naudojimui, jei tik n\u0117ra tam prie\u0161taraujan\u010di\u0173 teisini\u0173, etini\u0173 ar saugumo prie\u017eas\u010di\u0173; kada ir kaip jie bus atveriami kitiems vartotojams; kokie standartiniai metaduomenys bus naudojami juos apra\u0161ant; kaip gauti duomenys bus tvarkomi ir atnaujinami; kurie duomenys bus skirti ilgalaikiam, o kurie \u2013 trumpalaikiam saugojimui, pastaruoju atveju nurodant kada ir kaip duomenys bus sunaikinami\u201c (Lietuvos mokslo taryba,\u00a0<a href=\"https:\/\/e-seimas.lrs.lt\/portal\/legalAct\/lt\/TAD\/8113c930e0b811e5b18181b790158f61?jfwid=tu0odns4k\">2016 m. vasario 29 d. nutarimu Nr. VIII-2<\/a>).<\/p>\n<p>CLARIN ERIC suteikia prieig\u0105 prie \u012fvairi\u0173 skaitmenini\u0173 garso, vaizdo ir teksto duomen\u0173 \u012fvairiomis kalbomis, \u00a0tai \u2013 \u012fvair\u016bs tekstynai, da\u017eniniai s\u0105ra\u0161ai, skaitmenin\u0117s knygos, laikra\u0161\u010diai, ES parlamento debat\u0173 transkripcijos, istoriniai dokumentai, lai\u0161kai, gramatikos, termin\u0173 bankai, vertimo atmintys, skaitmeniniai \u017eodynai, garso \u012fra\u0161ai, programin\u0117 \u012franga skirta kalbos tyrimams ir kiti skaitmeniniai\u00a0mokslini\u0173 tyrim\u0173 metu sukaupti ar gauti rezultatai.<\/p>\n<p>Norint u\u017etikrinti prieinam\u0173 duomen\u0173 kokyb\u0119 ir kelti i\u0161teklius atitinkan\u010dius tarptautinius standartus bei FAIR duomen\u0173 principus, tyr\u0117jams planuojantiems kurti skaitmeninius i\u0161teklius rekomenduojama laikytis Duomen\u0173 valdymo planuose si\u016blom\u0173 gairi\u0173. Duomen\u0173 valdymo planai yra ypa\u010d svarb\u016bs kuriam\u0173 kalbos i\u0161tekli\u0173 ilgalaiki\u0161kumui, sklaidai ir prieinamumui u\u017etikrinti.<\/p>\n<p>CLARIN-LT duomen\u0173 saugykla remiasi \u0161iomis duomen\u0173 valdymo rekomendacijomis, kuriomis si\u016blo naudotis CLARIN ERIC:<\/p>\n<ul>\n<li>Elektronin\u0117 DVP rengimo priemon\u0117:\u00a0<a href=\"https:\/\/clarin-d.net\/en\/preparation\/data-management-plan.html\">CLARIN-D<\/a><\/li>\n<li>Duomen\u0173 valdymo \u017eini\u0173 centras:\u00a0<a href=\"https:\/\/sikt.no\/en\/clarin-knowledge-centre-data-management\">CLARIN Knowledge Centre for Data Management at NSD<\/a><\/li>\n<\/ul>\n","protected":false},"excerpt":{"rendered":"<p>Duomen\u0173 valdymo planas (angl. Data Management Plan) apibr\u0117\u017eiamas kaip \u201eprojekto duomen\u0173 kaupimo, saugojimo ir j\u0173 prieinamumo dokumentas, kuriame nurodoma, kas bus daroma projekto metu ir jam pasibaigus, kad duomenys b\u016bt\u0173 kaupiami saugiai ir patikimai; kaip ir kokiomis s\u0105lygomis jie bus<span class=\"ellipsis\">&hellip;<\/span><\/p>\n<div class=\"read-more\"><a href=\"https:\/\/clarin-lt.lt\/?page_id=778\">Read more &#8250;<\/a><\/div>\n<p><!-- end of .read-more --><\/p>\n","protected":false},"author":2,"featured_media":0,"parent":84,"menu_order":0,"comment_status":"closed","ping_status":"closed","template":"","meta":{"footnotes":""},"class_list":["post-778","page","type-page","status-publish","hentry"],"_links":{"self":[{"href":"https:\/\/clarin-lt.lt\/index.php?rest_route=\/wp\/v2\/pages\/778","targetHints":{"allow":["GET"]}}],"collection":[{"href":"https:\/\/clarin-lt.lt\/index.php?rest_route=\/wp\/v2\/pages"}],"about":[{"href":"https:\/\/clarin-lt.lt\/index.php?rest_route=\/wp\/v2\/types\/page"}],"author":[{"embeddable":true,"href":"https:\/\/clarin-lt.lt\/index.php?rest_route=\/wp\/v2\/users\/2"}],"replies":[{"embeddable":true,"href":"https:\/\/clarin-lt.lt\/index.php?rest_route=%2Fwp%2Fv2%2Fcomments&post=778"}],"version-history":[{"count":3,"href":"https:\/\/clarin-lt.lt\/index.php?rest_route=\/wp\/v2\/pages\/778\/revisions"}],"predecessor-version":[{"id":2242,"href":"https:\/\/clarin-lt.lt\/index.php?rest_route=\/wp\/v2\/pages\/778\/revisions\/2242"}],"up":[{"embeddable":true,"href":"https:\/\/clarin-lt.lt\/index.php?rest_route=\/wp\/v2\/pages\/84"}],"wp:attachment":[{"href":"https:\/\/clarin-lt.lt\/index.php?rest_route=%2Fwp%2Fv2%2Fmedia&parent=778"}],"curies":[{"name":"wp","href":"https:\/\/api.w.org\/{rel}","templated":true}]}}