{"id":71,"date":"2015-12-11T15:14:46","date_gmt":"2015-12-11T13:14:46","guid":{"rendered":"http:\/\/158.129.51.247:8888\/?page_id=71"},"modified":"2026-01-20T12:10:54","modified_gmt":"2026-01-20T10:10:54","slug":"apie-clarin-eric-projekta","status":"publish","type":"page","link":"https:\/\/clarin-lt.lt\/?page_id=71","title":{"rendered":"Apie CLARIN"},"content":{"rendered":"<p>CLARIN (Common Language Resources and Technology Infrastructure) (<a href=\"http:\/\/www.clarin.eu\/news\/3487\">http:\/\/www.clarin.eu\/news\/3487<\/a>) yra antroji ERIC (European Research Infrastructure Consortium) status\u0105 turinti infrastrukt\u016bra, kuriai 2012 m. vasario&nbsp;29 d. buvo suteiktas Europos mokslini\u0173 tyrim\u0173 infrastrukt\u016br\u0173 konsorciumo teisinis statusas. Iki to laiko CLARIN veik\u0117 kaip vienas i\u0161 ESFRI projekt\u0173. Jame, v\u0117liau ERIC parengiamojoje faz\u0117je 2008\u20132010 m. kaip institucinis partneris dalyvavo VDU Kompiuterin\u0117s lingvistikos centras (<a href=\"http:\/\/tekstynas.vdu.lt\/\">http:\/\/tekstynas.vdu.lt\/<\/a>).&nbsp;&nbsp;VDU KLC 1995\u20132001 m. dalyvavo Europos komisijos remtuose infrastrukt\u016briniuose COPERNICUS programos projektuose TELRI I ir TELRI II (Trans-European Language Resources Infrastructure).<\/p>\n<p>CLARIN tikslas yra prisid\u0117ti prie HSM pl\u0117tros ir sukurti tyr\u0117jams bendr\u0105 platform\u0105, apiman\u010di\u0105 kalb\u0173 pagrindu sukurtus skaitmeninius teksto, garso, vaizdo ir multimodalius i\u0161teklius ir j\u0173 analizei b\u016btinus \u012frankius. J\u0173 esama ir dabar, ta\u010diau labai \u012fvairi\u0173, menkai paplitusi\u0173, priklausom\u0173 nuo disciplinos, besidubliuojan\u010di\u0173, skirting\u0173 format\u0173 ir d\u0117l to labai fragmentuot\u0173. Kalba yra daugelio HSM disciplin\u0173 pagrindas ir tyrin\u0117jimo objektas, tai priemon\u0117 fiksuoti ir kaupti informacij\u0105, o i\u0161 kalbini\u0173 duomen\u0173 kaupykl\u0173 i\u0161gaunamos \u017einios, b\u016btinos visiems kitiems moksliniams tyrimams ir komunikacijai apskritai.<\/p>\n<p>CLARIN platforma veikia kaip bendra tinklin\u0117 virtuali interneto centr\u0173 federacijos&nbsp; pagrindu veikianti&nbsp; infrastrukt\u016bra, leid\u017eianti HSM bendruomenei naudotis bendrais i\u0161tekliais, kalb\u0173 technologijomis ir ekspertin\u0117mis paslaugomis. Jos u\u017edaviniai yra sukurti reali\u0173 duomen\u0173 ir internetini\u0173 centr\u0173 sistem\u0105, veikian\u010di\u0105 vieno langelio principu, sudaryt\u0105 i\u0161 vienod\u0173 standart\u0173 duomen\u0173, garantuojan\u010di\u0173 atskir\u0173 centr\u0173 s\u0105veik\u0105. Be to, CLARIN veiklos apima nauj\u0173 ekspertini\u0173 centr\u0173, padedan\u010di\u0173 HSM tyr\u0117j\u0173 bendruomenei naudotis kalbos i\u0161tekliais ir technologijomis, steigim\u0105,&nbsp; mokymus, technologinio s\u0105moningumo ir mokslin\u0117s metodologin\u0117s pa\u017eangos sklaid\u0105, taip pat ir teisinius MTI veiklos aspektus: licencijavim\u0105, autorini\u0173 teisi\u0173 ir individ\u0173 duomen\u0173 apsaug\u0105.<\/p>\n<p>\u0160i infrastrukt\u016bra yra lanksti, nes jos centrai kuriami visose dalyvaujan\u010diose \u0161alyse pagal bendrus techninius reikalavimus ir duomen\u0173 bei programin\u0117s \u012frangos standartus, atitinkan\u010dius auk\u0161\u010diausios kokyb\u0117s reikalavimus. Konsorciumui perduoti skaitmeniniai HSM i\u0161tekliai ir \u012frankiai turi auk\u0161\u010diausius kokyb\u0117s garantus ir \u017eymimi CLARIN \u017eenklu (<em>CLARIN compliance seal<\/em>). Be technin\u0117s infrastrukt\u016bros, kuriama ir \u017eini\u0173 kaupimo ir j\u0173 sklaidos infrastrukt\u016bra. Be to, CLARIN konsorciumas kaip juridinis asmuo inicijuoja ir vykdo kitus ES projektus, perima MTI kurian\u010di\u0173 projekt\u0173 (<a href=\"http:\/\/metashare.elda.org\/\" target=\"_blank\" rel=\"noopener\">META-SHARE<\/a>, <a href=\"http:\/\/www.meta-net.eu\/\" target=\"_blank\" rel=\"noopener\">META-NET<\/a>, <a href=\"http:\/\/www.meta-nord.eu\/\" target=\"_blank\" rel=\"noopener\">META-NORD<\/a>, etc.) metu sukurtus i\u0161teklius. ERIC formatas suteikia nauj\u0173 galimybi\u0173 ir nuolatinio palaikymo garantij\u0173, nes konsorciumo sutart\u012f pasira\u0161o ne institucijos, bet dalyvaujan\u010di\u0173 \u0161ali\u0173 vyriausyb\u0117s.<\/p>\n<p>CLARIN remiasi atskirose \u0161alyse veikian\u010diais nacionaliniais centrais ir daugelio ES remt\u0173 kalbos apdorojimo ir technologij\u0173&nbsp; projekt\u0173 rezultatais. Skiriamasis \u0161ios MTI bruo\u017eas yra tas, kad \u012f bendr\u0105 biud\u017eet\u0105 mokamas tik nario mokestis. Visos kitos su dalyvavimu \u0161ioje tarptautin\u0117je infrastrukt\u016broje susijusios i\u0161laidos yra skirtos nacionaliniam centrui kurti ir palaikyti.<\/p>\n<p>Daugiau informacijos galima rasti <a href=\"http:\/\/clarin.eu\" target=\"_blank\" rel=\"noopener\">CLARIN ERIC<\/a> tinklalapyje.<\/p>\n<p>Susipa\u017einkite su <strong>CLARIN-LT strategija<\/strong>&nbsp;<a href=\"https:\/\/drive.google.com\/file\/d\/1Snl_7PzY6QReZcF18MdXwoomx-7gI1xx\/view\">\u010dia<\/a>.<\/p>\n\n\n<figure class=\"wp-block-image size-large\"><a href=\"https:\/\/drive.google.com\/file\/d\/1Snl_7PzY6QReZcF18MdXwoomx-7gI1xx\/view\"><img loading=\"lazy\" decoding=\"async\" width=\"1024\" height=\"256\" src=\"https:\/\/clarin-lt.lt\/wp-content\/uploads\/2025\/05\/Untitled-1920-x-480-px-1920-x-480-px-1024x256.jpg\" alt=\"\" class=\"wp-image-2346\" srcset=\"https:\/\/clarin-lt.lt\/wp-content\/uploads\/2025\/05\/Untitled-1920-x-480-px-1920-x-480-px-1024x256.jpg 1024w, https:\/\/clarin-lt.lt\/wp-content\/uploads\/2025\/05\/Untitled-1920-x-480-px-1920-x-480-px-300x75.jpg 300w, https:\/\/clarin-lt.lt\/wp-content\/uploads\/2025\/05\/Untitled-1920-x-480-px-1920-x-480-px-768x192.jpg 768w, https:\/\/clarin-lt.lt\/wp-content\/uploads\/2025\/05\/Untitled-1920-x-480-px-1920-x-480-px-1536x384.jpg 1536w, https:\/\/clarin-lt.lt\/wp-content\/uploads\/2025\/05\/Untitled-1920-x-480-px-1920-x-480-px-2048x512.jpg 2048w, https:\/\/clarin-lt.lt\/wp-content\/uploads\/2025\/05\/Untitled-1920-x-480-px-1920-x-480-px-100x25.jpg 100w, https:\/\/clarin-lt.lt\/wp-content\/uploads\/2025\/05\/Untitled-1920-x-480-px-1920-x-480-px-150x38.jpg 150w, https:\/\/clarin-lt.lt\/wp-content\/uploads\/2025\/05\/Untitled-1920-x-480-px-1920-x-480-px-200x50.jpg 200w, https:\/\/clarin-lt.lt\/wp-content\/uploads\/2025\/05\/Untitled-1920-x-480-px-1920-x-480-px-450x113.jpg 450w, https:\/\/clarin-lt.lt\/wp-content\/uploads\/2025\/05\/Untitled-1920-x-480-px-1920-x-480-px-600x150.jpg 600w, https:\/\/clarin-lt.lt\/wp-content\/uploads\/2025\/05\/Untitled-1920-x-480-px-1920-x-480-px-900x225.jpg 900w\" sizes=\"auto, (max-width: 1024px) 100vw, 1024px\" \/><\/a><\/figure>\n\n\n\n<hr class=\"wp-block-separator\"\/>\n\n\n\n<p><strong>CLARIN ERIC nariai<\/strong><\/p>\n\n\n\n<figure class=\"wp-block-table\"><table><thead><tr><td><strong>Nariai<\/strong><strong><\/strong><\/td><td><strong>Nacionaliniai konsorciumai <\/strong><strong><\/strong><\/td><td><strong>Koordinuojan\u010dios institucijos<\/strong><strong><\/strong><\/td><td><strong>Nacionaliniai koordinatoriai<\/strong><strong><\/strong><\/td><\/tr><\/thead><tbody><tr><td>Austrija<\/td><td><a href=\"http:\/\/digital-humanities.at\/\">CLARIAH-AT<\/a><\/td><td><a href=\"https:\/\/www.oeaw.ac.at\/acdh\/\">ACDH-CH<\/a><\/td><td><a href=\"https:\/\/www.clarin.eu\/view-contact\/18537\/1035\">Tanja Wissik<\/a><\/td><\/tr><tr><td>Belgija<\/td><td><a href=\"https:\/\/clarin-be.ivdnt.org\/\">CLARIN BE<\/a><\/td><td>Nyderland\u0173 kalbos institutas (<a href=\"https:\/\/ivdnt.org\/english-pages\/\">Instituut voor de Nederlandse Taal (INT)<\/a>)<\/td><td><a href=\"https:\/\/www.clarin.eu\/view-contact\/18952\/1035\">Vincent Vandeghinste<\/a><\/td><\/tr><tr><td>Bulgarija<\/td><td><a href=\"https:\/\/clada-bg.eu\/\">CLaDA-BG<\/a><\/td><td>Bulgarijos moksl\u0173 akademija (<a href=\"https:\/\/www.bas.bg\/?lang=en\">Bulgarian Academy of Sciences<\/a>)<\/td><td><a href=\"https:\/\/www.clarin.eu\/view-contact\/18579\/1035\">Kiril Simov<\/a><\/td><\/tr><tr><td>\u010cekija<\/td><td><a href=\"https:\/\/www.lindat.cz\/\">LINDAT\/CLARIAH-CZ<\/a><\/td><td>Prahos Karolio universitetas &nbsp;(<a href=\"https:\/\/cuni.cz\/UKEN-1.html\">Charles University Prague<\/a>)<\/td><td><a href=\"https:\/\/www.clarin.eu\/view-contact\/18677\/1035\">Eva Haji\u010dov\u00e1<\/a><\/td><\/tr><tr><td>Danija<\/td><td><a href=\"http:\/\/info.clarin.dk\/en\/\">CLARIN-DK<\/a><\/td><td>Kopenhagos universitetas (<a href=\"https:\/\/www.ku.dk\/en\">University of Copenhagen<\/a>)<\/td><td><a href=\"https:\/\/www.clarin.eu\/view-contact\/18651\/1035\">Costanza Navarretta<\/a><\/td><\/tr><tr><td>Estija<\/td><td><a href=\"https:\/\/keeleressursid.ee\/en\/\">CLARIN Estonia<\/a><\/td><td>Est\u0173 kalbos i\u0161tekli\u0173 centras (<a href=\"https:\/\/keeleressursid.ee\/en\/\">Center of Estonian Language Resources<\/a>)<\/td><td><a href=\"https:\/\/www.clarin.eu\/view-contact\/19131\/1035\">Joshua Wilbur<\/a><\/td><\/tr><tr><td>Graikija<\/td><td><a href=\"https:\/\/www.clarin.gr\/en\">clarin:el<\/a><\/td><td>ILSP-ATHENA mokslini\u0173 tyrim\u0173 centras (<a href=\"https:\/\/www.athenarc.gr\/en\/institute-language-and-speech-processing_dm\">ILSP-ATHENA Research Center<\/a>)<\/td><td><a href=\"https:\/\/www.clarin.eu\/view-contact\/18577\/1035\">Stelios Piperidis<\/a><\/td><\/tr><tr><td>Islandija<\/td><td><a href=\"http:\/\/clarin.is\/en\/\">CLARIN Iceland<\/a><\/td><td>\u00c1rni Magn\u00fasson\u2019o islandistikos studij\u0173 institutas (<a href=\"https:\/\/www.arnastofnun.is\/en\/institute\">The \u00c1rni Magn\u00fasson Institute for Icelandic Studies<\/a>)<\/td><td><a href=\"https:\/\/www.clarin.eu\/view-contact\/19094\/1035\">Starka\u00f0ur Barkarson<\/a><\/td><\/tr><tr><td>Ispanija<\/td><td><a href=\"https:\/\/www.clariah.es\/\">CLARIAH-ES<\/a><\/td><td>Bask\u0173 kalbos technologij\u0173 centras (<a href=\"https:\/\/www.hitz.eus\/\">Basque Center for Language Technology (HiTZ)<\/a>)<\/td><td><a href=\"https:\/\/www.clarin.eu\/view-contact\/19148\/1035\">German Rigau<\/a><\/td><\/tr><tr><td>Italija<\/td><td><a href=\"http:\/\/www.clarin-it.it\/\">CLARIN-IT<\/a><\/td><td>Antonio Zampolli kompiuteristin\u0117s lingvistikos institutas, Italijos nacionalin\u0117 mokslini\u0173 tyrim\u0173 taryba (<a href=\"https:\/\/www.ilc.cnr.it\/en\/\">Institute for Computational Linguistics A. Zampolli, Italian National Research Council<\/a>)<\/td><td><a href=\"https:\/\/www.clarin.eu\/view-contact\/18913\/1035\">Monica Monachini<\/a><\/td><\/tr><tr><td>Jungtin\u0117 Karalyst\u0117<\/td><td><a href=\"http:\/\/www.clarin.ac.uk\/\">CLARIN-UK<\/a><\/td><td>Oksfordo universitetas <a>(<\/a><a href=\"https:\/\/www.ox.ac.uk\/\">Oxford University<\/a>)<\/td><td><a href=\"https:\/\/www.clarin.eu\/view-contact\/19100\/1035\">Martin Wynne<\/a><\/td><\/tr><tr><td>Kipras<\/td><td>CLARIN-CY<\/td><td>Skaitmeninio paveldo tyrim\u0173 laboratorija (Kipro technologijos universitetas) (<a href=\"https:\/\/digitalheritagelab.eu\/\">Digital Heritage Research Lab<\/a> (<a href=\"https:\/\/www.cut.ac.cy\/?languageId=1\">Cyprus University of Technology<\/a>))<\/td><td><a href=\"https:\/\/www.clarin.eu\/view-contact\/19046\/1035\">Marinos Ioannides<\/a><\/td><\/tr><tr><td>Kroatija<\/td><td><a href=\"https:\/\/www.clarin.hr\/\">HR-CLARIN<\/a><\/td><td>Zagrebo universitetas (<a href=\"https:\/\/www.unizg.hr\/homepage\/\">University of Zagreb<\/a>)<\/td><td><a href=\"https:\/\/www.clarin.eu\/view-contact\/18674\/1035\">Marko Tadi\u0107<\/a><\/td><\/tr><tr><td>Latvija<\/td><td><a href=\"http:\/\/www.clarin.lv\/en-us\/\">CLARIN-LV<\/a><\/td><td>Latvijos universiteto Matematikos ir informatikos institutas (<a href=\"https:\/\/www.lu.lv\/en\/about-us\/structure\/institutes\/ul-institute-of-mathematics-and-computer-science\/\">Institute of Mathematics and Computer Science, University of Latvia<\/a>)<\/td><td><a href=\"https:\/\/www.clarin.eu\/view-contact\/18571\/1035\">Inguna Skadi\u0146a<\/a><\/td><\/tr><tr><td>Lenkija<\/td><td><a href=\"https:\/\/clarin-pl.eu\/\">CLARIN PL<\/a><\/td><td>Vroclavo technikos universitetas (<a href=\"http:\/\/pwr.edu.pl\/\">Wroclaw University of Technology<\/a>)<\/td><td><a href=\"https:\/\/www.clarin.eu\/view-contact\/18681\/1035\">Maciej Piasecki<\/a><\/td><\/tr><tr><td>Lietuva<\/td><td><a href=\"https:\/\/clarin-lt.lt\/?lang=en\">CLARIN-LT<\/a><\/td><td>Vytauto Did\u017eiojo universitetas (<a href=\"https:\/\/www.vdu.lt\/lt\/\">Vytautas Magnus University<\/a>)<\/td><td><a href=\"https:\/\/www.clarin.eu\/view-contact\/18572\/1035\">Jurgita Vai\u010denonien\u0117<\/a><\/td><\/tr><tr><td>Nyderlandai<\/td><td><a href=\"https:\/\/www.clariah.nl\/\">CLARIAH-NL<\/a><\/td><td>KNAW humanitarini\u0173 moksl\u0173 klasteris&nbsp; (<a href=\"https:\/\/huc.knaw.nl\/\">KNAW Humanities Cluster<\/a>)<\/td><td><a href=\"https:\/\/www.clarin.eu\/view-contact\/19179\/1035\">Carole Tiberius<\/a><\/td><\/tr><tr><td>Norvegija<\/td><td><a href=\"https:\/\/clarin.w.uib.no\/\">CLARINO<\/a><\/td><td>Bergeno universitetas (<a href=\"https:\/\/www.uib.no\/en\">University of Bergen<\/a>)<\/td><td><a href=\"https:\/\/www.clarin.eu\/view-contact\/19157\/1035\">Gunn Inger Lyse Samdal<\/a><\/td><\/tr><tr><td>Piet\u0173 Afrika<\/td><td><a href=\"https:\/\/sadilar.org\/\">SADiLaR<\/a><\/td><td>\u0160iaur\u0117s vakr\u0173 universitetas (<a href=\"https:\/\/www.nwu.ac.za\/\">North-West University<\/a>)<\/td><td><a href=\"https:\/\/www.clarin.eu\/view-contact\/19117\/1035\">Friedel Wolff<\/a><\/td><\/tr><tr><td>Portugalija<\/td><td><a href=\"https:\/\/portulanclarin.net\/\">PORTULAN CLARIN<\/a><\/td><td>Lisabonos universitetas (<a href=\"https:\/\/www.ulisboa.pt\/en\">University of Lisbon<\/a>)<\/td><td><a href=\"https:\/\/www.clarin.eu\/view-contact\/18573\/1035\">Ant\u00f3nio Branco<\/a><\/td><\/tr><tr><td>Slovakija<\/td><td>CLARIN-SK<\/td><td>Slovakijos Moksl\u0173 akademijos Liudovito \u0160turo kalbotyros institutas (<a href=\"https:\/\/www.juls.savba.sk\/index_en.html\">\u013dudov\u00edt \u0160t\u00far Institute of Linguistics of the Slovak Academy of Sciences<\/a>)<\/td><td><a href=\"https:\/\/www.clarin.eu\/view-contact\/19183\/1035\" data-type=\"URL\" data-id=\"https:\/\/www.clarin.eu\/view-contact\/19183\/1035\">Jana Levick\u00e1<\/a><\/td><\/tr><tr><td>Slov\u0117nija<\/td><td><a href=\"http:\/\/www.clarin.si\/\">CLARIN.SI<\/a><\/td><td>Jozefo Stefano institutas (<a href=\"https:\/\/www.ijs.si\/ijsw\/JSI\">Jo\u017eef Stefan Institute<\/a>)<\/td><td><a href=\"https:\/\/www.clarin.eu\/view-contact\/18407\/1035\">Toma\u017e Erjavec<\/a><\/td><\/tr><tr><td>Suomija<\/td><td><a href=\"https:\/\/www.kielipankki.fi\/organization\/\">FIN-CLARIN<\/a><\/td><td>Helsinkio universitetas &nbsp;(<a href=\"https:\/\/www.helsinki.fi\/en\">University of Helsinki<\/a>)<\/td><td><a href=\"https:\/\/www.clarin.eu\/view-contact\/18914\/1035\">Krister Lind\u00e9n<\/a><\/td><\/tr><tr><td>\u0160vedija<\/td><td>&nbsp;<a href=\"https:\/\/sweclarin.se\/eng\">SWE-CLARIN<\/a><\/td><td>\u0160vedijos kalb\u0173 bankas (<a href=\"https:\/\/sprakbanken.se\/sprakbankeninenglish.html\">Spr\u00e5kbanken<\/a>)<\/td><td><a href=\"https:\/\/www.clarin.eu\/view-contact\/19172\/1035\">Sara Stymne<\/a><\/td><\/tr><tr><td>\u0160veicarija<\/td><td><a href=\"https:\/\/clarin-ch.ch\/\">CLARIN-CH<\/a><\/td><td><a>Ciuricho universitetas (<\/a><a href=\"https:\/\/www.uzh.ch\/en.html\">University of Zurich<\/a>)<\/td><td><a href=\"https:\/\/www.clarin.eu\/view-contact\/19142\/1035\">Cristina Grisot<\/a><\/td><\/tr><tr><td>Vengrija<\/td><td><a href=\"http:\/\/clarin.hu\/en\">HunCLARIN<\/a><\/td><td>Vengrijos kalbotyros tyrim\u0173 centras &nbsp;(<a href=\"https:\/\/nytud.hu\/en\">Hungarian Research Centre&nbsp;for Linguistics<\/a>)<\/td><td><a href=\"https:\/\/www.clarin.eu\/view-contact\/18908\/1035\">Tam\u00e1s V\u00e1radi<\/a><\/td><\/tr><tr><td>Vokietija<\/td><td><a href=\"http:\/\/www.clarin-d.de\/en\/\">CLARIN-D<\/a><\/td><td>Vokie\u010di\u0173 kalbos institutas, Manheimo universitetas (Institut fuer Deutsche Sprache, <a href=\"https:\/\/www.uni-mannheim.de\/en\/\">University of Mannheim<\/a>)<\/td><td><a href=\"https:\/\/www.clarin.eu\/view-contact\/18815\/1035\">Andreas Witt<\/a><\/td><\/tr><\/tbody><\/table><\/figure>\n\n\n\n<p>Daugiau informacijos apie CLARIN ERIC narius pateikta <a href=\"https:\/\/www.clarin.eu\/content\/national-consortia\" data-type=\"URL\" data-id=\"https:\/\/www.clarin.eu\/content\/national-consortia\">\u010dia<\/a>. <\/p>\n","protected":false},"excerpt":{"rendered":"<p>CLARIN (Common Language Resources and Technology Infrastructure) (http:\/\/www.clarin.eu\/news\/3487) yra antroji ERIC (European Research Infrastructure Consortium) status\u0105 turinti infrastrukt\u016bra, kuriai 2012 m. vasario&nbsp;29 d. buvo suteiktas Europos mokslini\u0173 tyrim\u0173 infrastrukt\u016br\u0173 konsorciumo teisinis statusas. Iki to laiko CLARIN veik\u0117 kaip vienas i\u0161<span class=\"ellipsis\">&hellip;<\/span><\/p>\n<div class=\"read-more\"><a href=\"https:\/\/clarin-lt.lt\/?page_id=71\">Read more &#8250;<\/a><\/div>\n<p><!-- end of .read-more --><\/p>\n","protected":false},"author":6,"featured_media":0,"parent":0,"menu_order":3,"comment_status":"closed","ping_status":"closed","template":"full-width-page.php","meta":{"footnotes":""},"class_list":["post-71","page","type-page","status-publish","hentry"],"_links":{"self":[{"href":"https:\/\/clarin-lt.lt\/index.php?rest_route=\/wp\/v2\/pages\/71","targetHints":{"allow":["GET"]}}],"collection":[{"href":"https:\/\/clarin-lt.lt\/index.php?rest_route=\/wp\/v2\/pages"}],"about":[{"href":"https:\/\/clarin-lt.lt\/index.php?rest_route=\/wp\/v2\/types\/page"}],"author":[{"embeddable":true,"href":"https:\/\/clarin-lt.lt\/index.php?rest_route=\/wp\/v2\/users\/6"}],"replies":[{"embeddable":true,"href":"https:\/\/clarin-lt.lt\/index.php?rest_route=%2Fwp%2Fv2%2Fcomments&post=71"}],"version-history":[{"count":22,"href":"https:\/\/clarin-lt.lt\/index.php?rest_route=\/wp\/v2\/pages\/71\/revisions"}],"predecessor-version":[{"id":3002,"href":"https:\/\/clarin-lt.lt\/index.php?rest_route=\/wp\/v2\/pages\/71\/revisions\/3002"}],"wp:attachment":[{"href":"https:\/\/clarin-lt.lt\/index.php?rest_route=%2Fwp%2Fv2%2Fmedia&parent=71"}],"curies":[{"name":"wp","href":"https:\/\/api.w.org\/{rel}","templated":true}]}}