{"id":51,"date":"2015-10-21T22:26:15","date_gmt":"2015-10-21T20:26:15","guid":{"rendered":"http:\/\/158.129.51.247:8888\/?page_id=51"},"modified":"2026-01-20T13:02:34","modified_gmt":"2026-01-20T11:02:34","slug":"partners","status":"publish","type":"page","link":"https:\/\/clarin-lt.lt\/?page_id=51","title":{"rendered":"Partners"},"content":{"rendered":"<p>CLARIN-LT national consortium was founded in July, 2015&nbsp;by three universities: <a href=\"http:\/\/www.vdu.lt\">Vytautas Magnus University<\/a>&nbsp;(<a href=\"http:\/\/klc.vdu.lt\">Centre of Computational Linguistics<\/a>), <a href=\"http:\/\/www.ktu.lt\">Kaunas Technology University,<\/a>&nbsp;and <a href=\"http:\/\/www.vu.lt\">Vilnius University<\/a>.<\/p>\n<p>In 2020, two institutions joined the consortium:<a href=\"https:\/\/www.mruni.eu\/en\/\" target=\"_blank\" rel=\"noopener\"> Mykolas Romeris University,<\/a> and <a href=\"http:\/\/bpti.eu\/\" target=\"_blank\" rel=\"noopener\">Baltic Institute of Advanced Technologies<\/a>.<\/p>\n<p>In 2021, <a href=\"https:\/\/www.ku.lt\/en\/\">Klaip\u0117da University<\/a> (the Institute of <a href=\"https:\/\/briai.ku.lt\/en\/\">Baltic Region History and Archaeology<\/a>) joined the consortium.<\/p>\n<div id=\"attachment_873\" style=\"width: 868px\" class=\"wp-caption alignnone\"><img loading=\"lazy\" decoding=\"async\" aria-describedby=\"caption-attachment-873\" class=\"size-full wp-image-873\" src=\"https:\/\/clarin-lt.lt\/wp-content\/uploads\/2020\/04\/CLARIN-LT-konsorciumas.jpg\" alt=\"Rita Butkien\u0117 (KTU), Sigita Rackevi\u010dien\u0117 (MRU), Tomas Krilavi\u010dius (BPTI, VDU), R\u016bta Petrauskait\u0117 (VMU), Jurgita Vai\u010denonien\u0117 (national coordinator, VMU), Andrius Utka (VMU)\" width=\"858\" height=\"570\" srcset=\"https:\/\/clarin-lt.lt\/wp-content\/uploads\/2020\/04\/CLARIN-LT-konsorciumas.jpg 858w, https:\/\/clarin-lt.lt\/wp-content\/uploads\/2020\/04\/CLARIN-LT-konsorciumas-300x199.jpg 300w, https:\/\/clarin-lt.lt\/wp-content\/uploads\/2020\/04\/CLARIN-LT-konsorciumas-768x510.jpg 768w, https:\/\/clarin-lt.lt\/wp-content\/uploads\/2020\/04\/CLARIN-LT-konsorciumas-100x66.jpg 100w, https:\/\/clarin-lt.lt\/wp-content\/uploads\/2020\/04\/CLARIN-LT-konsorciumas-150x100.jpg 150w, https:\/\/clarin-lt.lt\/wp-content\/uploads\/2020\/04\/CLARIN-LT-konsorciumas-200x133.jpg 200w, https:\/\/clarin-lt.lt\/wp-content\/uploads\/2020\/04\/CLARIN-LT-konsorciumas-450x299.jpg 450w, https:\/\/clarin-lt.lt\/wp-content\/uploads\/2020\/04\/CLARIN-LT-konsorciumas-600x399.jpg 600w\" sizes=\"auto, (max-width: 858px) 100vw, 858px\" \/><p id=\"caption-attachment-873\" class=\"wp-caption-text\">Rita Butkien\u0117 (KTU), Sigita Rackevi\u010dien\u0117 (MRU), Tomas Krilavi\u010dius (BPTI, VMU), R\u016bta Petrauskait\u0117 (VMU), Jurgita Vai\u010denonien\u0117 (national&nbsp;coordinator, VMU), Andrius Utka (VMU)<\/p><\/div>\n\n\n<figure class=\"wp-block-image size-full is-style-default\"><a href=\"https:\/\/clarin-lt.lt\/wp-content\/uploads\/2024\/03\/logos-e1593164691255.png\"><img loading=\"lazy\" decoding=\"async\" width=\"615\" height=\"418\" src=\"https:\/\/clarin-lt.lt\/wp-content\/uploads\/2024\/03\/logos-e1593164691255.png\" alt=\"\" class=\"wp-image-1210\" srcset=\"https:\/\/clarin-lt.lt\/wp-content\/uploads\/2024\/03\/logos-e1593164691255.png 615w, https:\/\/clarin-lt.lt\/wp-content\/uploads\/2024\/03\/logos-e1593164691255-300x204.png 300w, https:\/\/clarin-lt.lt\/wp-content\/uploads\/2024\/03\/logos-e1593164691255-100x68.png 100w, https:\/\/clarin-lt.lt\/wp-content\/uploads\/2024\/03\/logos-e1593164691255-150x102.png 150w, https:\/\/clarin-lt.lt\/wp-content\/uploads\/2024\/03\/logos-e1593164691255-200x136.png 200w, https:\/\/clarin-lt.lt\/wp-content\/uploads\/2024\/03\/logos-e1593164691255-450x306.png 450w, https:\/\/clarin-lt.lt\/wp-content\/uploads\/2024\/03\/logos-e1593164691255-600x408.png 600w\" sizes=\"auto, (max-width: 615px) 100vw, 615px\" \/><\/a><\/figure>\n","protected":false},"excerpt":{"rendered":"<p>CLARIN-LT national consortium was founded in July, 2015&nbsp;by three universities: Vytautas Magnus University&nbsp;(Centre of Computational Linguistics), Kaunas Technology University,&nbsp;and Vilnius University. In 2020, two institutions joined the consortium: Mykolas Romeris University, and Baltic Institute of Advanced Technologies. In 2021, Klaip\u0117da<span class=\"ellipsis\">&hellip;<\/span><\/p>\n<div class=\"read-more\"><a href=\"https:\/\/clarin-lt.lt\/?page_id=51\">Read more &#8250;<\/a><\/div>\n<p><!-- end of .read-more --><\/p>\n","protected":false},"author":2,"featured_media":0,"parent":0,"menu_order":5,"comment_status":"closed","ping_status":"closed","template":"full-width-page.php","meta":{"footnotes":""},"class_list":["post-51","page","type-page","status-publish","hentry"],"_links":{"self":[{"href":"https:\/\/clarin-lt.lt\/index.php?rest_route=\/wp\/v2\/pages\/51","targetHints":{"allow":["GET"]}}],"collection":[{"href":"https:\/\/clarin-lt.lt\/index.php?rest_route=\/wp\/v2\/pages"}],"about":[{"href":"https:\/\/clarin-lt.lt\/index.php?rest_route=\/wp\/v2\/types\/page"}],"author":[{"embeddable":true,"href":"https:\/\/clarin-lt.lt\/index.php?rest_route=\/wp\/v2\/users\/2"}],"replies":[{"embeddable":true,"href":"https:\/\/clarin-lt.lt\/index.php?rest_route=%2Fwp%2Fv2%2Fcomments&post=51"}],"version-history":[{"count":25,"href":"https:\/\/clarin-lt.lt\/index.php?rest_route=\/wp\/v2\/pages\/51\/revisions"}],"predecessor-version":[{"id":3501,"href":"https:\/\/clarin-lt.lt\/index.php?rest_route=\/wp\/v2\/pages\/51\/revisions\/3501"}],"wp:attachment":[{"href":"https:\/\/clarin-lt.lt\/index.php?rest_route=%2Fwp%2Fv2%2Fmedia&parent=51"}],"curies":[{"name":"wp","href":"https:\/\/api.w.org\/{rel}","templated":true}]}}