{"id":404,"date":"2016-11-11T14:34:17","date_gmt":"2016-11-11T12:34:17","guid":{"rendered":"http:\/\/158.129.51.247:8888\/?page_id=404"},"modified":"2026-01-26T11:11:42","modified_gmt":"2026-01-26T09:11:42","slug":"pagalbos-tarnybos","status":"publish","type":"page","link":"https:\/\/clarin-lt.lt\/?page_id=404","title":{"rendered":"\u017dini\u0173 centrai"},"content":{"rendered":"\n<p>CLARIN ERIC \u017eini\u0173 centrai \u2013 tai konkre\u010dioje lingvistikos srityje besispecializuojan\u010dios mokslini\u0173 tyrim\u0173 institucijos, kuri\u0173 tikslas dalintis \u017einiomis ir sukaupta patirtimi, u\u017etikrinti skland\u0173 ir nenutr\u016bkstam\u0105 \u017eini\u0173 perdavimo proces\u0105 visiems suinteresuotiems asmenims \u012fvairiomis su kalbos technologijomis susijusiomis temomis. Sertifikuoti CLARIN \u017eini\u0173 centrai atlieka mokslinius tyrimus, kuria ir diegia kalbos inovacijas, sprend\u017eia visuomenei aktualias kalbos technologij\u0173 problemas ir bendradarbiauja su kit\u0173 \u0161ali\u0173 mokslininkais.<\/p>\n\n\n\n<p>CLARIN-LT konsorciumas priklauso \u2013 <em>CLARIN-ELEXIS<\/em> ir <em>SAFMORIL<\/em> \u2013 sertifikuotiems \u017eini\u0173 centrams. Daugiau informacijos pateikta apa\u010dioje esan\u010dioje lentel\u0117je.<\/p>\n\n\n<p><\/p>\n<table border=\"0\">\n<tbody>\n<tr>\n<td>\n<p><img loading=\"lazy\" decoding=\"async\" class=\"alignnone size-full wp-image-826\" src=\"https:\/\/clarin-lt.lt\/wp-content\/uploads\/2020\/01\/K-centre-logo-1-e1579207155658.jpeg\" alt=\"K-centre-logo (1)\" width=\"118\" height=\"35\"><\/p>\n<p>CLARIN leksikografijos \u017eini\u0173 centras&nbsp; &nbsp; &nbsp; &nbsp; &nbsp; &nbsp; &nbsp; &nbsp; &nbsp; (<a href=\"https:\/\/www.clarin.si\/info\/k-centres\/elexis\/#Institute_of_Digital_Resources_and_Interdisciplinary_Research_Vytautas_Magnus_University\">CLARIN-ELEXIS<\/a>)<\/p>\n<\/td>\n<td>\n<p><strong>Apra\u0161ymas:<\/strong>&nbsp;sertifikuotas \u017eini\u0173 centras CLARIN-ELEXIS, skirtas leksikografijai.<\/p>\n<p>Nacionalinis CLARIN-LT konsorciumas teikia konsultacijas apie:<\/p>\n<ul>\n<li type=\"square\">lietuvi\u0173 kalbos technologijas;<\/li>\n<li type=\"square\">tekstyn\u0173 lingvistik\u0105;<\/li>\n<li type=\"square\">leksikografij\u0105;<\/li>\n<li type=\"square\">terminologij\u0105 ir kt.<\/li>\n<\/ul>\n<p><strong>Ilgiausia atsakymo trukm\u0117:<\/strong>&nbsp;2 darbo dienos.<\/p>\n<p><strong>El. pa\u0161tas:<\/strong>&nbsp;info eta clarin.vdu.lt<\/p>\n<p><strong>Telefonas:<\/strong>&nbsp;+37037327841<\/p>\n<\/td>\n<\/tr>\n<tr>\n<td><img loading=\"lazy\" decoding=\"async\" class=\"alignnone size-full wp-image-826\" src=\"https:\/\/clarin-lt.lt\/wp-content\/uploads\/2020\/01\/K-centre-logo-1-e1579207155658.jpeg\" alt=\"K-centre-logo (1)\" width=\"118\" height=\"35\"><br>CLARIN \u017eini\u0173 centras morfologi\u0161kai turting\u0173 kalb\u0173 sistemoms ir priemon\u0117ms (<a href=\"https:\/\/www.kielipankki.fi\/safmoril\/\">SAFMORIL<\/a>)<\/td>\n<td>\n<p><strong>Apra\u0161ymas:<\/strong> sertifikuotas \u017eini\u0173 centras SAFMORIL, skirtas turtingos morfologijos kalb\u0173 tyrimams.<\/p>\n<p>CLARIN-LT informacijos centro ind\u0117lis \u2013 teikti konsultacijas apie lietuvi\u0173 kalb\u0105 \u0161iais aspektais:&nbsp;<\/p>\n<ul>\n<li type=\"square\">morfologija, sintaks\u0117 ir semantika;<\/li>\n<li type=\"square\">morfologinis anotavimas ir automatin\u0117 sintaksin\u0117 analiz\u0117;<\/li>\n<li type=\"square\">tekstyn\u0173 analiz\u0117, termin\u0173 atpa\u017einimas, automatizuotas vertimas, socialini\u0173 tekst\u0173 apdorojimas, \u0161nekos atpa\u017einimas ir kt.<\/li>\n<\/ul>\n<p><strong>Ilgiausia atsakymo trukm\u0117:<\/strong> 2 darbo dienos.<\/p>\n<p><a href=\"https:\/\/clarin-lt.lt\/wp-content\/uploads\/2023\/03\/K-Centre-Certificate-SAFMORIL.png\" target=\"_blank\" rel=\"noopener\"><strong>Sertifikatas:<\/strong><\/a><\/p>\n<p><a href=\"https:\/\/clarin-lt.lt\/wp-content\/uploads\/2023\/03\/K-Centre-Certificate-SAFMORIL.png\"><img loading=\"lazy\" decoding=\"async\" class=\"alignnone \" src=\"https:\/\/clarin-lt.lt\/wp-content\/uploads\/2023\/03\/K-Centre-Certificate-SAFMORIL.png\" width=\"175\" height=\"253\"><\/a><\/p>\n<p><strong>El. pa\u0161tas:<\/strong> info eta clarin.vdu.lt<\/p>\n<p><strong>Telefonas:<\/strong> +37037327841<\/p>\n<\/td>\n<\/tr>\n<tr>\n<td>Semantinio ir koncepcinio modeliavimo informacijos centras&nbsp;<p><\/p>\n<p>Kauno Technologijos universitetas (Kaunas)<\/p>\n<\/td>\n<td>\n<p><strong>Apra\u0161ymas:<\/strong> KTU Informatikos fakulteto Informacijos sistem\u0173 katedra turi nema\u017eai kompetencijos duomen\u0173 bazi\u0173, \u017eini\u0173 ir informacini\u0173 sistem\u0173 in\u017einerijos, koncepcinio ir semantinio modeliavimo, ontologij\u0173 k\u016brimo, semantin\u0117s paie\u0161kos taikymo srityse. Konsultacij\u0173 centras teikia informacij\u0105 ir konsultuoja \u0161iais klausimais:&nbsp;<\/p>\n<ul>\n<li type=\"square\">veiklos \u017eodyn\u0173 specifikavimas ribota nat\u016bralia kalba, taikant SBVR (angl. Semantic of Business Vocabulary and Business Rules) standart\u0105;<\/li>\n<li type=\"square\">veiklos \u017eodyn\u0173 ir taisykli\u0173 taikymas;<\/li>\n<li type=\"square\">semantin\u0117s paie\u0161kas (prasmin\u0117s informacijos i\u0161raukimas);<\/li>\n<li type=\"square\">teksto apdorojimas semantinei paie\u0161kai (informacijos i\u0161traukimas), \u012fskaitant nat\u016bralios kalbos apdorojimo metodus, semantin\u012f anotavim\u0105 ir ontologij\u0173 pildym\u0105;<\/li>\n<li type=\"square\">semantin\u0117s paie\u0161kos s\u0105sajos nat\u016bralia kalba.<\/li>\n<\/ul>\n<p><strong>Ilgiausia atsakymo trukm\u0117:<\/strong> 2 darbo dienos.<\/p>\n<p><strong>El. pa\u0161tas:<\/strong> rimantas.butleris eta ktu.lt<\/p>\n<p><strong>Telefonas:<\/strong> +37037453445<\/p>\n<\/td>\n<\/tr>\n<\/tbody>\n<\/table>\n\n\n<hr class=\"wp-block-separator\"\/>\n\n\n\n<figure class=\"wp-block-image size-large\"><a href=\"https:\/\/clarin-lt.lt\/wp-content\/uploads\/2026\/01\/CLARIN-ziniu-centrai-LT-scaled.jpg\"><img loading=\"lazy\" decoding=\"async\" width=\"1024\" height=\"256\" src=\"https:\/\/clarin-lt.lt\/wp-content\/uploads\/2026\/01\/CLARIN-ziniu-centrai-LT-1024x256.jpg\" alt=\"\" class=\"wp-image-3562\" srcset=\"https:\/\/clarin-lt.lt\/wp-content\/uploads\/2026\/01\/CLARIN-ziniu-centrai-LT-1024x256.jpg 1024w, https:\/\/clarin-lt.lt\/wp-content\/uploads\/2026\/01\/CLARIN-ziniu-centrai-LT-300x75.jpg 300w, https:\/\/clarin-lt.lt\/wp-content\/uploads\/2026\/01\/CLARIN-ziniu-centrai-LT-768x192.jpg 768w, https:\/\/clarin-lt.lt\/wp-content\/uploads\/2026\/01\/CLARIN-ziniu-centrai-LT-1536x384.jpg 1536w, https:\/\/clarin-lt.lt\/wp-content\/uploads\/2026\/01\/CLARIN-ziniu-centrai-LT-2048x512.jpg 2048w, https:\/\/clarin-lt.lt\/wp-content\/uploads\/2026\/01\/CLARIN-ziniu-centrai-LT-100x25.jpg 100w, https:\/\/clarin-lt.lt\/wp-content\/uploads\/2026\/01\/CLARIN-ziniu-centrai-LT-150x38.jpg 150w, https:\/\/clarin-lt.lt\/wp-content\/uploads\/2026\/01\/CLARIN-ziniu-centrai-LT-200x50.jpg 200w, https:\/\/clarin-lt.lt\/wp-content\/uploads\/2026\/01\/CLARIN-ziniu-centrai-LT-450x113.jpg 450w, https:\/\/clarin-lt.lt\/wp-content\/uploads\/2026\/01\/CLARIN-ziniu-centrai-LT-600x150.jpg 600w, https:\/\/clarin-lt.lt\/wp-content\/uploads\/2026\/01\/CLARIN-ziniu-centrai-LT-900x225.jpg 900w\" sizes=\"auto, (max-width: 1024px) 100vw, 1024px\" \/><\/a><\/figure>\n\n\n\n<figure class=\"wp-block-table\"><table><tbody><tr><td><strong>\u0160alis<\/strong><\/td><td><strong>\u017dini\u0173 centro pavadinimas<\/strong><\/td><\/tr><tr><td>Austrija<\/td><td><a href=\"https:\/\/www.clarin.eu\/k-centres\/pha-oeaw\">Austrijos audiovizualini\u0173 tyrim\u0173 archyvo CLARIN \u017eini\u0173 centras (PhA-OeAW)<\/a><\/td><\/tr><tr><td>Austrija<\/td><td><a href=\"https:\/\/www.clarin.eu\/k-centres\/germanat\" data-type=\"URL\" data-id=\"https:\/\/www.clarin.eu\/k-centres\/germanat\">German\u0173 kalb\u0173 CLARIN \u017eini\u0173 centras (GermanAT)<\/a><\/td><\/tr><tr><td>Austrija<\/td><td><a href=\"https:\/\/www.clarin.eu\/k-centres\/trtc\">Terminologijos i\u0161tekli\u0173 ir vertimo tekstyn\u0173 CLARIN \u017eini\u0173 centras (TRTC)<\/a><\/td><\/tr><tr><td>Belgija<\/td><td><a href=\"https:\/\/www.clarin.eu\/k-centres\/ckl2corpora\">Besimokan\u010di\u0173j\u0173 kalbos tekstyn\u0173 CLARIN \u017eini\u0173 centras (CKL2CORPORA)<\/a><strong><\/strong> &nbsp;<\/td><\/tr><tr><td>Danija<\/td><td><a href=\"https:\/\/www.clarin.eu\/k-centres\/dansk\">CLARIN \u017eini\u0173 centras (DANSK)<\/a><\/td><\/tr><tr><td>\u010cekija<\/td><td><a href=\"https:\/\/www.clarin.eu\/k-centres\/corplingcz\">\u010cek\u0173 tekstyn\u0173 lingvistikos CLARIN \u017eini\u0173 centras (CorpLingCz)<\/a><\/td><\/tr><tr><td>\u010cekija<\/td><td><a href=\"https:\/\/www.clarin.eu\/k-centres\/treebanking\">Sintaksi\u0161kai anotuot\u0173 tekstyn\u0173 CLARIN \u017eini\u0173 centras (Treebanking)<\/a><\/td><\/tr><tr><td>Graikija<\/td><td><a href=\"https:\/\/www.clarin.eu\/k-centres\/nlp-el\">Graikijos nat\u016braliosios kalbos apdorojimo CLARIN \u017eini\u0173 centras (NLP:EL)<\/a><\/td><\/tr><tr><td>Islandija<\/td><td><a href=\"https:\/\/www.clarin.eu\/k-centres\/k-icelandic\">Island\u0173 kalbos CLARIN \u017eini\u0173 centras (K-Icelandic)<\/a><\/td><\/tr><tr><td>Ispanija<\/td><td><a href=\"https:\/\/www.clarin.eu\/k-centres\/spanish-k-centre\">Ispanijos CLARIN \u017eini\u0173 centras (Spanish-K-centre)<\/a><\/td><\/tr><tr><td>Ispanija<\/td><td><a href=\"https:\/\/www.clarin.eu\/k-centres\/impact-ckc\">Skaitmeninimo kompetencij\u0173 CLARIN \u017eini\u0173 centras (IMPACT-CKC)<\/a><\/td><\/tr><tr><td>Italija<\/td><td><a href=\"https:\/\/www.clarin.eu\/k-centres\/herlan\">Europos kalb\u0173 paveldo CLARIN \u017eini\u0173 centras (HerLan)<\/a><\/td><\/tr><tr><td>Italija<\/td><td><a href=\"https:\/\/www.clarin.eu\/k-centres\/k-oar\">Italijos sakytini\u0173 archyv\u0173 CLARIN \u017eini\u0173 centras (K-OAr)<\/a><\/td><\/tr><tr><td>Italija<\/td><td><a href=\"https:\/\/www.clarin.eu\/k-centres\/diptext-kc\">Skaitmenini\u0173 ir vie\u0161\u0173j\u0173 tekstini\u0173 studij\u0173 CLARIN \u017eini\u0173 centras (DiPText-KC)<\/a><\/td><\/tr><tr><td>Jungtin\u0117 Karalyst\u0117<\/td><td><a href=\"https:\/\/www.clarin.eu\/k-centres\/dr-lib\">Airijos ir Did\u017eiosios Britanijos kalb\u0173 skaitmenini\u0173 i\u0161tekli\u0173 CLARIN \u017eini\u0173 centras (DR-LIB)<\/a><\/td><\/tr><tr><td>Jungtin\u0117s Amerikos Valstijos<\/td><td><a href=\"https:\/\/www.clarin.eu\/centres\/clarin-learn\">Kalb\u0173 mokymosi analiz\u0117s CLARIN \u017eini\u0173 centras (CLARIN-Learn)<\/a><\/td><\/tr><tr><td>Kroatija<\/td><td><a href=\"https:\/\/www.clarin.eu\/k-centres\/croatina\">Kroat\u0173 kalbos CLARIN \u017eini\u0173 centras (CROATINA)<\/a><\/td><\/tr><tr><td>Kroatija<\/td><td><a href=\"https:\/\/www.clarin.eu\/k-centres\/classla\">Pietini\u0173 slav\u0173 kalb\u0173 CLARIN \u017eini\u0173 centras (CLASSLA)<\/a><\/td><\/tr><tr><td>Lenkija<\/td><td><a href=\"https:\/\/www.clarin.eu\/k-centres\/llms4ssh\">Did\u017ei\u0173j\u0173 kalbos modeli\u0173 socialiniuose ir humanitariniuose moksluose CLARIN \u017eini\u0173 centras (LLMs4SSH)<\/a><\/td><\/tr><tr><td>Lenkija<\/td><td><a href=\"https:\/\/www.clarin.eu\/k-centres\/pollinguatec\">Lenk\u0173 kalbos technologij\u0173 CLARIN \u017eini\u0173 centras (PolLinguaTec)<\/a><\/td><\/tr><tr><td>Nyderlandai &nbsp;<\/td><td><a href=\"https:\/\/www.clarin.eu\/k-centres\/ace\">ACE netipin\u0117s komunikacijos CLARIN \u017eini\u0173 centras<\/a> &nbsp;<\/td><\/tr><tr><td>Nyderlandai<\/td><td><a href=\"https:\/\/www.clarin.eu\/k-centres\/k-dutch\">Nyderland\u0173 kalbos CLARIN \u017eini\u0173 centras (K-Dutch)<\/a><\/td><\/tr><tr><td>Norvegija<\/td><td><a href=\"https:\/\/www.clarin.eu\/k-centres\/sikt-k-centre\">Norvegijos \u0161vietimo ir mokslini\u0173 tyrim\u0173 bendr\u0173j\u0173 paslaug\u0173 agent\u016bros (Sikt) duomen\u0173 valdymo CLARIN \u017eini\u0173 centras (SIKT-K-centre)<\/a><\/td><\/tr><tr><td>Portugalija<\/td><td><a href=\"https:\/\/www.clarin.eu\/k-centres\/portulan-clarin-k-centre\">Portugal\u0173 kalbos mokslo ir technologij\u0173 CLARIN \u017eini\u0173 centras (PORTULAN CLARIN K-Centre)<\/a><\/td><\/tr><tr><td>Pranc\u016bzija<\/td><td><a href=\"https:\/\/www.clarin.eu\/k-centres\/corli-k\">Tekstyn\u0173, kalb\u0173 ir interakcijos Pranc\u016bzijos CLARIN \u017eini\u0173 centras (CORLI-K)<\/a><\/td><\/tr><tr><td>Slov\u0117nija<\/td><td><a href=\"https:\/\/www.clarin.eu\/k-centres\/clarin-elexis\">Leksikografijos CLARIN \u017eini\u0173 centras (CLARIN-ELEXIS)<\/a><\/td><\/tr><tr><td>Suomija<\/td><td><a href=\"https:\/\/www.clarin.eu\/k-centres\/safmoril\">Turtingos morfologijos kalb\u0173 CLARIN \u017eini\u0173 centras (SAFMORIL)<\/a><\/td><\/tr><tr><td>\u0160vedija<\/td><td><a href=\"https:\/\/www.clarin.eu\/k-centres\/diares\">Diachronini\u0173 kalbos i\u0161tekli\u0173 CLARIN \u017eini\u0173 centras (DiaRes)<\/a><\/td><\/tr><tr><td>\u0160vedija<\/td><td><a href=\"https:\/\/www.clarin.eu\/k-centres\/clarin-multisens\">Multimodalini\u0173 ir jutimini\u0173 duomen\u0173 CLARIN \u017eini\u0173 centras (CLARIN-MULTISENS)<\/a><\/td><\/tr><tr><td>\u0160vedija<\/td><td><a href=\"https:\/\/www.clarin.eu\/k-centres\/clarin-speech\">\u0160nekamosios kalbos analiz\u0117s CLARIN \u017eini\u0173 centras (CLARIN-SPEECH)<\/a><\/td><\/tr><tr><td>\u0160vedija<\/td><td><a href=\"https:\/\/www.clarin.eu\/k-centres\/swelang\">\u0160vedijos kalb\u0173 CLARIN \u017eini\u0173 centras (SWELANG)<\/a><\/td><\/tr><tr><td>\u0160vedija<\/td><td><a href=\"https:\/\/www.clarin.eu\/k-centres\/clarin-sms\">\u0160ved\u0173 kalbos daugiakalb\u0117je aplinkoje CLARIN \u017eini\u0173 centras (CLARIN-SMS)<\/a><\/td><\/tr><tr><td>\u0160veicarija<\/td><td><a href=\"https:\/\/www.clarin.eu\/k-centres\/clarin-applied\" data-type=\"URL\" data-id=\"https:\/\/www.clarin.eu\/k-centres\/clarin-applied\">Lyginamosios diskurso analiz\u0117s taikymo CLARIN \u017eini\u0173 centras (CLARIN-APPLIED)<\/a><\/td><\/tr><tr><td>Vokietija<\/td><td><a href=\"https:\/\/www.clarin.eu\/k-centres\/ckld\">Kalb\u0173 \u012fvairov\u0117s ir kalb\u0173 i\u0161saugojimo CLARIN \u017eini\u0173 centras (CKLD)<\/a><\/td><\/tr><tr><td>Vokietija<\/td><td><a href=\"https:\/\/cmc-corpora.org\/ckcmc\/\">Kompiuterin\u0117s komunikacijos ir socialin\u0117s \u017einiasklaidos tekstyn\u0173 CLARIN \u017eini\u0173 centras (CKCMC)<\/a><\/td><\/tr><tr><td>Vokietija<\/td><td><a href=\"https:\/\/www.clarin.eu\/k-centres\/ukrnlp-corpora\">Ukrainie\u010di\u0173 nat\u016braliosios kalbos apdorojimo ir tekstyn\u0173 CLARIN \u017eini\u0173 centras (UkrNLP-Corpora)<\/a><\/td><\/tr><tr><td>Rumunija<\/td><td><a href=\"https:\/\/www.clarin.eu\/k-centres\/racai4ro\">Rumun\u0173 kalbos CLARIN \u017eini\u0173 centras (RACAI4Ro)<\/a><\/td><\/tr><tr><td>Rumunija<\/td><td><a href=\"https:\/\/www.clarin.eu\/k-centres\/ronlp\">Rumun\u0173 nat\u016braliosios kalbos apdorojimo CLARIN \u017eini\u0173 centras (RoNLP)<\/a><\/td><\/tr><\/tbody><\/table><\/figure>\n","protected":false},"excerpt":{"rendered":"<p>CLARIN ERIC \u017eini\u0173 centrai \u2013 tai konkre\u010dioje lingvistikos srityje besispecializuojan\u010dios mokslini\u0173 tyrim\u0173 institucijos, kuri\u0173 tikslas dalintis \u017einiomis ir sukaupta patirtimi, u\u017etikrinti skland\u0173 ir nenutr\u016bkstam\u0105 \u017eini\u0173 perdavimo proces\u0105 visiems suinteresuotiems asmenims \u012fvairiomis su kalbos technologijomis susijusiomis temomis. Sertifikuoti CLARIN \u017eini\u0173 centrai<span class=\"ellipsis\">&hellip;<\/span><\/p>\n<div class=\"read-more\"><a href=\"https:\/\/clarin-lt.lt\/?page_id=404\">Read more &#8250;<\/a><\/div>\n<p><!-- end of .read-more --><\/p>\n","protected":false},"author":2,"featured_media":0,"parent":0,"menu_order":0,"comment_status":"closed","ping_status":"closed","template":"full-width-page.php","meta":{"footnotes":""},"class_list":["post-404","page","type-page","status-publish","hentry"],"_links":{"self":[{"href":"https:\/\/clarin-lt.lt\/index.php?rest_route=\/wp\/v2\/pages\/404","targetHints":{"allow":["GET"]}}],"collection":[{"href":"https:\/\/clarin-lt.lt\/index.php?rest_route=\/wp\/v2\/pages"}],"about":[{"href":"https:\/\/clarin-lt.lt\/index.php?rest_route=\/wp\/v2\/types\/page"}],"author":[{"embeddable":true,"href":"https:\/\/clarin-lt.lt\/index.php?rest_route=\/wp\/v2\/users\/2"}],"replies":[{"embeddable":true,"href":"https:\/\/clarin-lt.lt\/index.php?rest_route=%2Fwp%2Fv2%2Fcomments&post=404"}],"version-history":[{"count":36,"href":"https:\/\/clarin-lt.lt\/index.php?rest_route=\/wp\/v2\/pages\/404\/revisions"}],"predecessor-version":[{"id":3566,"href":"https:\/\/clarin-lt.lt\/index.php?rest_route=\/wp\/v2\/pages\/404\/revisions\/3566"}],"wp:attachment":[{"href":"https:\/\/clarin-lt.lt\/index.php?rest_route=%2Fwp%2Fv2%2Fmedia&parent=404"}],"curies":[{"name":"wp","href":"https:\/\/api.w.org\/{rel}","templated":true}]}}