{"id":2262,"date":"2025-04-30T08:02:17","date_gmt":"2025-04-30T06:02:17","guid":{"rendered":"http:\/\/158.129.51.247:8888\/?page_id=2262"},"modified":"2026-03-03T12:31:30","modified_gmt":"2026-03-03T10:31:30","slug":"nuorodos","status":"publish","type":"page","link":"https:\/\/clarin-lt.lt\/?page_id=2262","title":{"rendered":"Nuorodos"},"content":{"rendered":"<style>\n.wp-block-table img.logo{<br \/>\n  height:auto;<br \/>\n  display:block;<br \/>\n}<\/p>\n<p>@media (max-width: 600px){<br \/>\n  .wp-block-table table.has-fixed-layout colgroup col:first-child { width: 45% !important; }<br \/>\n  .wp-block-table table.has-fixed-layout colgroup col:last-child  { width: 55% !important; }<\/p>\n<p>  .wp-block-table img.logo{<br \/>\n    width: 100% !important;<br \/>\n    max-width: 220px !important;<br \/>\n    height: auto !important;<br \/>\n  }<br \/>\n}<br \/>\n<\/style>\n\n\n<figure class=\"wp-block-table\">\n  <table class=\"has-fixed-layout\" style=\"border-collapse:collapse; width:100%;\">\n    <colgroup>\n      <col style=\"width:25%;\">\n      <col style=\"width:75%;\">\n    <\/colgroup>\n    <tbody>\n\n      <!-- 1) CLARIN-LT -->\n      <tr>\n        <td style=\"vertical-align:top; text-align:center; padding:10px;\">\n          <img decoding=\"async\" class=\"logo\"\n               src=\"https:\/\/clarin-lt.lt\/wp-content\/uploads\/2026\/01\/httpclarin-lt.ltwp-contentuploads201905cropped-clarin-vdu.png.png\"\n               alt=\"CLARIN-LT logotipas v2\"\n               style=\"width:100%; max-width:100px; height:auto;\">\n        <\/td>\n        <td style=\"vertical-align:top; padding:10px;\">\n          \u201eFacebook\u201c paskyra<br>\n          <a href=\"https:\/\/www.facebook.com\/profile.php?id=100087289837974\">https:\/\/www.facebook.com\/profile.php?id=100087289837974<\/a><br><br>\n\n          \u201eYouTube\u201c kanalas<br>\n          <a href=\"https:\/\/www.youtube.com\/@clarinlt7212\/featured\">https:\/\/www.youtube.com\/@clarinlt7212\/featured<\/a><br><br>\n\n          CLARIN-LT strategija<br>\n          <a href=\"https:\/\/drive.google.com\/file\/d\/1Snl_7PzY6QReZcF18MdXwoomx-7gI1xx\/view\">https:\/\/drive.google.com\/file\/d\/1Snl_7PzY6QReZcF18MdXwoomx-7gI1xx\/view<\/a><br><br>\n\n          CLARIN-LT, kaip \u012fkelti i\u0161teklius \u012f saugykl\u0105?<br>\n          <a href=\"https:\/\/drive.google.com\/file\/d\/1biT946vHi1m0GH3W3ou915Vm0L0xaCbI\/view?usp=sharing\">https:\/\/drive.google.com\/file\/d\/1biT946vHi1m0GH3W3ou915Vm0L0xaCbI\/view?usp=sharing<\/a><br><br>\n\n         Vaizdo \u012fra\u0161as \u201eCLARIN-LT veiklos 2025\u201c<br><a href=\"https:\/\/youtu.be\/-6sgyw9-ZxY\">https:\/\/youtu.be\/-6sgyw9-ZxY<\/a><\/td><\/tr>\n       \n      <!-- skyriklis -->\n      <tr>\n        <td colspan=\"2\" style=\"background-color:#eef7ff; height:8px; padding:0; border:0;\">&nbsp;<\/td>\n      <\/tr>\n\n      <!-- 2) SITTI -->\n      <tr>\n        <td style=\"vertical-align:top; text-align:center; padding:10px; padding-top:20px;\">\n          <img decoding=\"async\" class=\"logo\"\n               src=\"https:\/\/clarin-lt.lt\/wp-content\/uploads\/2026\/01\/Sitti-logo-web.png\"\n               alt=\"SITTI logotipas\"\n               style=\"width:100%; max-width:80px; height:auto;\">\n        <\/td>\n        <td style=\"vertical-align:top; padding:10px;\">\n          SITTI i\u0161tekliai<br>\n          <a href=\"https:\/\/sitti.vdu.lt\/istekliai\/\">https:\/\/sitti.vdu.lt\/istekliai\/<\/a><br><br>\n\n          SITTI paslaugos<br>\n          <a href=\"https:\/\/sitti.vdu.lt\/paslaugos\/\">https:\/\/sitti.vdu.lt\/paslaugos\/<\/a><br><br>\n\n          SITTI tyr\u0117j\u0173 publikacijos<br>\n          <a href=\"https:\/\/sitti.vdu.lt\/bibliografija\/\">https:\/\/sitti.vdu.lt\/bibliografija\/<\/a>\n        <\/td>\n      <\/tr>\n\n      <!-- skyriklis -->\n      <tr>\n        <td colspan=\"2\" style=\"background-color:#eef7ff; height:8px; padding:0; border:0;\">&nbsp;<\/td>\n      <\/tr>\n\n      <!-- 3) CLARIN ERIC -->\n      <tr>\n        <td style=\"vertical-align:top; text-align:center; padding:10px; padding-top:20px;\">\n          <img decoding=\"async\" class=\"logo\"\n               src=\"https:\/\/clarin-lt.lt\/wp-content\/uploads\/2026\/01\/CLARIN-logo.png\"\n               alt=\"CLARIN logotipas\"\n               style=\"width:100%; max-width:100px; height:auto;\">\n        <\/td>\n\n        <td style=\"vertical-align:top; padding:10px;\">\n          CLARIN ERIC svetain\u0117<br>\n          <a href=\"https:\/\/www.clarin.eu\/\">https:\/\/www.clarin.eu\/<\/a><br><br>\n\n          CLARIN ERIC YouTube kanalas<br>\n          <a href=\"https:\/\/www.youtube.com\/channel\/UCJPks1mzisqsS4NrBFKIWag\">https:\/\/www.youtube.com\/channel\/UCJPks1mzisqsS4NrBFKIWag<\/a><br><br>\n\n          CLARIN ERIC paskait\u0173 \u012fra\u0161ai<br>\n          <a href=\"https:\/\/videolectures.net\/search?query=clarin&amp;tab=lectures\">https:\/\/videolectures.net\/search?query=clarin&amp;tab=lectures<\/a><br><br>\n\n          CLARIN ERIC i\u0161tekliai<br>\n          <a href=\"https:\/\/www.clarin.eu\/resource-families\">https:\/\/www.clarin.eu\/resource-families<\/a><br><br>\n\n          Pa\u017eintinis \u012fvadas \u012f CLARIN<br>\n          <a href=\"https:\/\/www.clarin.eu\/content\/intro-clarin-tutorial\">https:\/\/www.clarin.eu\/content\/intro-clarin-tutorial<\/a><br><br>\n\n          CLARIN ERIC mokymosi centras<br>\n          <a href=\"https:\/\/www.clarin.eu\/content\/learning-hub\">https:\/\/www.clarin.eu\/content\/learning-hub<\/a><br><br>\n\n          Mokymosi i\u0161tekli\u0173 katalogas<br>\n          <a href=\"https:\/\/www.clarin.eu\/learning-resources-catalogue\">https:\/\/www.clarin.eu\/learning-resources-catalogue<\/a><br><br>\n\n          CLARIN ERIC UpSkills mokymo ir mokymosi i\u0161tekliai<br>\n          <a href=\"https:\/\/www.clarin.eu\/content\/upskills-learning-and-teaching-materials\">https:\/\/www.clarin.eu\/content\/upskills-learning-and-teaching-materials<\/a><br><br>\n\n\n          Skaitmenin\u0117s humanitarikos kurs\u0173 registras<br>\n          <a href=\"https:\/\/www.clarin.eu\/content\/digital-humanities-course-registry\">https:\/\/www.clarin.eu\/content\/digital-humanities-course-registry<\/a><br><br>\n\n          CLARIN virtuali kalbos observatorija<br>\n          <a href=\"https:\/\/vlo.clarin.eu\/\">https:\/\/vlo.clarin.eu\/<\/a><br><br>\n\n          CLARIN SSH platformoje<br>\n          <a href=\"https:\/\/marketplace.sshopencloud.eu\/search?page=2&amp;order=score&amp;q=CLARIN&amp;categories=training-material\">https:\/\/marketplace.sshopencloud.eu\/search?page=2&amp;order=score&amp;q=CLARIN&amp;categories=training-material<\/a><br><br>\n\n          CLARIN Zenodo platformoje<br>\n          <a href=\"https:\/\/zenodo.org\/communities\/oac_clarin\/records?q=&amp;l=list&amp;p=1&amp;s=10&amp;sort=newest\">https:\/\/zenodo.org\/communities\/oac_clarin\/records?q=&amp;l=list&amp;p=1&amp;s=10&amp;sort=newest<\/a><br><br>\n\n          CLARIN naujienlai\u0161ki\u0173 archyvas<br>\n          <a href=\"https:\/\/www.clarin.eu\/content\/clarin-newsflash-archive\">https:\/\/www.clarin.eu\/content\/clarin-newsflash-archive<\/a>\n        <\/td>\n      <\/tr>\n\n      <!-- skyriklis -->\n      <tr>\n        <td colspan=\"2\" style=\"background-color:#eef7ff; height:8px; padding:0; border:0;\">&nbsp;<\/td>\n      <\/tr>\n\n    <\/tbody>\n  <\/table>\n<\/figure>\n","protected":false},"excerpt":{"rendered":"<p>\u201eFacebook\u201c paskyra https:\/\/www.facebook.com\/profile.php?id=100087289837974 \u201eYouTube\u201c kanalas https:\/\/www.youtube.com\/@clarinlt7212\/featured CLARIN-LT strategija https:\/\/drive.google.com\/file\/d\/1Snl_7PzY6QReZcF18MdXwoomx-7gI1xx\/view CLARIN-LT, kaip \u012fkelti i\u0161teklius \u012f saugykl\u0105? https:\/\/drive.google.com\/file\/d\/1biT946vHi1m0GH3W3ou915Vm0L0xaCbI\/view?usp=sharing Vaizdo \u012fra\u0161as \u201eCLARIN-LT veiklos 2025\u201chttps:\/\/youtu.be\/-6sgyw9-ZxY &nbsp; SITTI i\u0161tekliai https:\/\/sitti.vdu.lt\/istekliai\/ SITTI paslaugos https:\/\/sitti.vdu.lt\/paslaugos\/ SITTI tyr\u0117j\u0173 publikacijos https:\/\/sitti.vdu.lt\/bibliografija\/ &nbsp; CLARIN ERIC svetain\u0117 https:\/\/www.clarin.eu\/ CLARIN ERIC YouTube<span class=\"ellipsis\">&hellip;<\/span><\/p>\n<div class=\"read-more\"><a href=\"https:\/\/clarin-lt.lt\/?page_id=2262\">Read more &#8250;<\/a><\/div>\n<p><!-- end of .read-more --><\/p>\n","protected":false},"author":2,"featured_media":0,"parent":0,"menu_order":0,"comment_status":"closed","ping_status":"closed","template":"full-width-page.php","meta":{"footnotes":""},"class_list":["post-2262","page","type-page","status-publish","hentry"],"_links":{"self":[{"href":"https:\/\/clarin-lt.lt\/index.php?rest_route=\/wp\/v2\/pages\/2262","targetHints":{"allow":["GET"]}}],"collection":[{"href":"https:\/\/clarin-lt.lt\/index.php?rest_route=\/wp\/v2\/pages"}],"about":[{"href":"https:\/\/clarin-lt.lt\/index.php?rest_route=\/wp\/v2\/types\/page"}],"author":[{"embeddable":true,"href":"https:\/\/clarin-lt.lt\/index.php?rest_route=\/wp\/v2\/users\/2"}],"replies":[{"embeddable":true,"href":"https:\/\/clarin-lt.lt\/index.php?rest_route=%2Fwp%2Fv2%2Fcomments&post=2262"}],"version-history":[{"count":29,"href":"https:\/\/clarin-lt.lt\/index.php?rest_route=\/wp\/v2\/pages\/2262\/revisions"}],"predecessor-version":[{"id":3735,"href":"https:\/\/clarin-lt.lt\/index.php?rest_route=\/wp\/v2\/pages\/2262\/revisions\/3735"}],"wp:attachment":[{"href":"https:\/\/clarin-lt.lt\/index.php?rest_route=%2Fwp%2Fv2%2Fmedia&parent=2262"}],"curies":[{"name":"wp","href":"https:\/\/api.w.org\/{rel}","templated":true}]}}