{"id":2254,"date":"2025-04-30T07:57:16","date_gmt":"2025-04-30T05:57:16","guid":{"rendered":"http:\/\/158.129.51.247:8888\/?page_id=2254"},"modified":"2026-01-30T19:02:16","modified_gmt":"2026-01-30T17:02:16","slug":"clarin-eric","status":"publish","type":"page","link":"https:\/\/clarin-lt.lt\/?page_id=2254","title":{"rendered":"CLARIN ERIC renginiai"},"content":{"rendered":"\n<p><strong> Kasmetin\u0117 CLARIN ERIC konferencija 2026 <\/strong><\/p>\n\n\n\n<figure class=\"wp-block-image size-full\"><a href=\"https:\/\/clarin-lt.lt\/wp-content\/uploads\/2026\/01\/image.png\"><img loading=\"lazy\" decoding=\"async\" width=\"975\" height=\"244\" src=\"https:\/\/clarin-lt.lt\/wp-content\/uploads\/2026\/01\/image.png\" alt=\"\" class=\"wp-image-3427\" srcset=\"https:\/\/clarin-lt.lt\/wp-content\/uploads\/2026\/01\/image.png 975w, https:\/\/clarin-lt.lt\/wp-content\/uploads\/2026\/01\/image-300x75.png 300w, https:\/\/clarin-lt.lt\/wp-content\/uploads\/2026\/01\/image-768x192.png 768w, https:\/\/clarin-lt.lt\/wp-content\/uploads\/2026\/01\/image-100x25.png 100w, https:\/\/clarin-lt.lt\/wp-content\/uploads\/2026\/01\/image-150x38.png 150w, https:\/\/clarin-lt.lt\/wp-content\/uploads\/2026\/01\/image-200x50.png 200w, https:\/\/clarin-lt.lt\/wp-content\/uploads\/2026\/01\/image-450x113.png 450w, https:\/\/clarin-lt.lt\/wp-content\/uploads\/2026\/01\/image-600x150.png 600w, https:\/\/clarin-lt.lt\/wp-content\/uploads\/2026\/01\/image-900x225.png 900w\" sizes=\"auto, (max-width: 975px) 100vw, 975px\" \/><\/a><\/figure>\n\n\n\n<p>2026 m. rugs\u0117jo 29 \u2013 spalio 1 dienomis Braitone (Jungtin\u0117 Karalyst\u0117) vyks\u00a0<a href=\"https:\/\/www.clarin.eu\/content\/clarin-annual-conference\">kasmetin\u0117 CLARIN konferencija<\/a>\u00a0\u2013 tai tarpdisciplininis renginys vienijantis socialini\u0173, humanitarini\u0173 ir technologini\u0173 disciplin\u0173 mokslininkus ir praktikus. Be to, \u0161is renginys yra nemokamas ir atviras visiems besidomintiems kalbos technologij\u0173 naujov\u0117mis, populiar\u0117jan\u010diomis tendencijomis ir pa\u017eangiomis ateities inovacijomis.<\/p>\n\n\n\n<p>Konferencija vyks hibridiniu b\u016bdu, tod\u0117l joje gal\u0117s dalyvauti visi norintys, nepriklausomai nuo gyvenamosios vietos, finansini\u0173 galimybi\u0173 ar asmenini\u0173 \u012fsipareigojim\u0173 \u2013 tiek atvykdami \u012f rengin\u012f gyvai, tiek prisijungdami nuotoliniu b\u016bdu.<\/p>\n\n\n\n<p><strong>Svarbios datos:<\/strong><\/p>\n\n\n\n<ul class=\"wp-block-list\"><li>\u27a4 Iki&nbsp;&nbsp;<strong>2026 m. baland\u017eio 6 d.<\/strong>&nbsp;priimamos prane\u0161im\u0173 santraukos (daugiau informacijos pateikiama&nbsp;<a href=\"https:\/\/www.clarin.eu\/content\/call-extended-abstracts-clarin-annual-conference-2026\">\u010dia<\/a>).<\/li><li>\u27a4 Iki&nbsp;<strong>2026 m. bir\u017eelio 16 d.<\/strong>&nbsp;atrankos rezultat\u0173 paskelbimas.<\/li><li>\u27a4 Iki&nbsp;<strong>2026 m. rugs\u0117jo 1 d.<\/strong>&nbsp;priimamos galutin\u0117s santrauk\u0173 versijos.<\/li><li>\u27a4&nbsp;<strong>2026 m. rugs\u0117jo 29 \u2013 spalio 1 d.&nbsp;<\/strong>vyks kasmetin\u0117 CLARIN konferencija 2026<\/li><\/ul>\n\n\n\n<p><\/p>\n\n\n\n<p>Kvie\u010diame registruotis \u012f 2026 m. CLARIN konferencij\u0105 \u010dia. (Registracija dar n\u0117ra atidaryta)<\/p>\n\n\n\n<p>Jei turite klausim\u0173 apie konferencij\u0105, susisiekite su organizatoriais el. pa\u0161tu&nbsp;<a href=\"mailto:events@clarin.eu\">events@clarin.eu<\/a>&nbsp; (elektroninio lai\u0161ko temoje \u012fra\u0161ykite&nbsp;<strong>[CLARIN2026]<\/strong>).<\/p>\n\n\n\n<hr class=\"wp-block-separator\"\/>\n\n\n\n<p><strong>CLARIN Caf\u00e9 apie \u017eini\u0173 centrus, multimodaliuosius duomenis, did\u017eiuosius kalbos modelius ir diskurso analiz\u0119<\/strong><\/p>\n\n\n\n<figure class=\"wp-block-image size-large\"><a href=\"https:\/\/clarin-lt.lt\/wp-content\/uploads\/2025\/12\/2025-m.-gruodzio-4-d.-1500\u20131700-val.-1920-x-480-px-2-scaled.jpg\"><img loading=\"lazy\" decoding=\"async\" width=\"1024\" height=\"256\" src=\"https:\/\/clarin-lt.lt\/wp-content\/uploads\/2025\/12\/2025-m.-gruodzio-4-d.-1500\u20131700-val.-1920-x-480-px-2-1024x256.jpg\" alt=\"\" class=\"wp-image-3327\" srcset=\"https:\/\/clarin-lt.lt\/wp-content\/uploads\/2025\/12\/2025-m.-gruodzio-4-d.-1500\u20131700-val.-1920-x-480-px-2-1024x256.jpg 1024w, https:\/\/clarin-lt.lt\/wp-content\/uploads\/2025\/12\/2025-m.-gruodzio-4-d.-1500\u20131700-val.-1920-x-480-px-2-300x75.jpg 300w, https:\/\/clarin-lt.lt\/wp-content\/uploads\/2025\/12\/2025-m.-gruodzio-4-d.-1500\u20131700-val.-1920-x-480-px-2-768x192.jpg 768w, https:\/\/clarin-lt.lt\/wp-content\/uploads\/2025\/12\/2025-m.-gruodzio-4-d.-1500\u20131700-val.-1920-x-480-px-2-1536x384.jpg 1536w, https:\/\/clarin-lt.lt\/wp-content\/uploads\/2025\/12\/2025-m.-gruodzio-4-d.-1500\u20131700-val.-1920-x-480-px-2-2048x512.jpg 2048w, https:\/\/clarin-lt.lt\/wp-content\/uploads\/2025\/12\/2025-m.-gruodzio-4-d.-1500\u20131700-val.-1920-x-480-px-2-100x25.jpg 100w, https:\/\/clarin-lt.lt\/wp-content\/uploads\/2025\/12\/2025-m.-gruodzio-4-d.-1500\u20131700-val.-1920-x-480-px-2-150x38.jpg 150w, https:\/\/clarin-lt.lt\/wp-content\/uploads\/2025\/12\/2025-m.-gruodzio-4-d.-1500\u20131700-val.-1920-x-480-px-2-200x50.jpg 200w, https:\/\/clarin-lt.lt\/wp-content\/uploads\/2025\/12\/2025-m.-gruodzio-4-d.-1500\u20131700-val.-1920-x-480-px-2-450x113.jpg 450w, https:\/\/clarin-lt.lt\/wp-content\/uploads\/2025\/12\/2025-m.-gruodzio-4-d.-1500\u20131700-val.-1920-x-480-px-2-600x150.jpg 600w, https:\/\/clarin-lt.lt\/wp-content\/uploads\/2025\/12\/2025-m.-gruodzio-4-d.-1500\u20131700-val.-1920-x-480-px-2-900x225.jpg 900w\" sizes=\"auto, (max-width: 1024px) 100vw, 1024px\" \/><\/a><\/figure>\n\n\n\n<p>2025 m. gruod\u017eio 9 d. 15:00\u201317:00 val. (Lietuvos laiku) vyks nuotolinis\u00a0<a href=\"https:\/\/www.clarin.eu\/content\/clarin-cafe\">CLARIN Caf\u00e9<\/a>\u00a0renginys \u201e<a href=\"https:\/\/www.clarin.eu\/event\/2025\/clarin-cafe-ssh-research-clarin-k-centres-expertise-multimodal-data-large-language\">SSH Research with CLARIN K-Centres: Expertise for Multimodal Data, Large Language Models and Discourse Analysis<\/a>\u201c (liet. Humanitarini\u0173 ir socialini\u0173 moksl\u0173 tyrimai su CLARIN-K centrais: ekspertin\u0117 kompetencija multimodali\u0173j\u0173 duomen\u0173, did\u017e\u0173j\u0173 kalbos modeli\u0173 ir diskurso analiz\u0117s srityse).<\/p>\n\n\n\n<p><strong>Renginio programa:<\/strong><\/p>\n\n\n\n<p>15:00 \u012evadinis \u017eodis (<a href=\"https:\/\/www.clarin.eu\/trainers-network\/vincent-vandeghinste\">Vincent Vandeghinste<\/a>)<\/p>\n\n\n\n<p>15:10\u00a0<em>Speech, Writing and Interaction: Multimodal Methods at K-Centre CLARIN-MULTISENS\u00a0<\/em>(liet. Kalba, ra\u0161ymas ir tarpusavio s\u0105veika: multimodaliniai tyrimo metodai \u017eini\u0173 centre CLARIN-MULTISENS) (<a href=\"https:\/\/www.humlab.lu.se\/person\/JohanFrid\/\">Johan Frid<\/a>) <a href=\"https:\/\/www.clarin.eu\/sites\/default\/files\/CLARIN-Cafe-K-centre%20251209_Johan-Frid.pdf\" data-type=\"URL\" data-id=\"https:\/\/www.clarin.eu\/sites\/default\/files\/CLARIN-Cafe-K-centre%20251209_Johan-Frid.pdf\">PDF<\/a><\/p>\n\n\n\n<p>15:35\u00a0<em>LLMs4SSH: When AI Becomes a Co-Researcher: Creative and Analytical Use Cases of LLMs in Social Sciences and Humanities<\/em>\u00a0(liet. Did\u017ei\u0173j\u0173 kalbos modeli\u0173 socialiniuose ir humanitariniuose moksluose CLARIN \u017eini\u0173 centras (LLMs4SSH): dirbtinis intelektas kaip tyrim\u0173 partneris \u2013 k\u016brybiniai ir analitiniai did\u017ei\u0173j\u0173 kalbos modeli\u0173 (LLM) panaudojimo socialiniuose ir humanitariniuose moksluose atvejai) (Ewa Rudnicka) <a href=\"https:\/\/www.clarin.eu\/sites\/default\/files\/CLARIN-Cafe-K-centre_Ewa-Rudnicka.pdf\">PDF<\/a><\/p>\n\n\n\n<p>16:00\u00a0<em>CLARIN-Applied: K-Centre CLARIN-APPLIED or How to do comparative discourse studies using corpus linguistics?<\/em>\u00a0(liet. Lyginamosios diskurso analiz\u0117s taikymo CLARIN \u017eini\u0173 centras (CLARIN-APPLIED) arba kaip atlikti lyginam\u0105j\u0105 diskurso analiz\u0119 naudojant tekstyn\u0173 lingvistik\u0105)\u00a0 (Philipp Dreesen) <a href=\"https:\/\/www.clarin.eu\/sites\/default\/files\/CLARIN-Cafe-K-centre_CLARIN-APPLIED_09122025.pdf\">PDF<\/a><\/p>\n\n\n\n<p>16:25 Diskusija<\/p>\n\n\n\n<p>Daugiau informacijos apie \u0161\u012f rengin\u012f ir prane\u0161\u0117jus pateikta&nbsp;<a href=\"https:\/\/www.clarin.eu\/event\/2025\/clarin-cafe-ssh-research-clarin-k-centres-expertise-multimodal-data-large-language\">\u010dia<\/a>.<\/p>\n\n\n\n<hr class=\"wp-block-separator\"\/>\n\n\n\n<p><strong>Kasmetin\u0117 CLARIN ERIC konferencija 2025<\/strong><\/p>\n\n\n\n<figure class=\"wp-block-image size-large\"><a href=\"https:\/\/clarin-lt.lt\/wp-content\/uploads\/2025\/03\/image.png\"><img loading=\"lazy\" decoding=\"async\" width=\"1024\" height=\"235\" src=\"https:\/\/clarin-lt.lt\/wp-content\/uploads\/2025\/03\/image-1024x235.png\" alt=\"\" class=\"wp-image-1727\" srcset=\"https:\/\/clarin-lt.lt\/wp-content\/uploads\/2025\/03\/image-1024x235.png 1024w, https:\/\/clarin-lt.lt\/wp-content\/uploads\/2025\/03\/image-300x69.png 300w, https:\/\/clarin-lt.lt\/wp-content\/uploads\/2025\/03\/image-768x176.png 768w, https:\/\/clarin-lt.lt\/wp-content\/uploads\/2025\/03\/image-1536x352.png 1536w, https:\/\/clarin-lt.lt\/wp-content\/uploads\/2025\/03\/image-100x23.png 100w, https:\/\/clarin-lt.lt\/wp-content\/uploads\/2025\/03\/image-150x34.png 150w, https:\/\/clarin-lt.lt\/wp-content\/uploads\/2025\/03\/image-200x46.png 200w, https:\/\/clarin-lt.lt\/wp-content\/uploads\/2025\/03\/image-450x103.png 450w, https:\/\/clarin-lt.lt\/wp-content\/uploads\/2025\/03\/image-600x138.png 600w, https:\/\/clarin-lt.lt\/wp-content\/uploads\/2025\/03\/image-900x206.png 900w, https:\/\/clarin-lt.lt\/wp-content\/uploads\/2025\/03\/image.png 1552w\" sizes=\"auto, (max-width: 1024px) 100vw, 1024px\" \/><\/a><\/figure>\n\n\n\n<p>Rugs\u0117jo 30 \u2013 spalio 2 dienomis Vienoje vyks kasmetin\u0117 CLARIN konferencija. Tai tarpdisciplininis renginys, kuriame prane\u0161imus skaito ir moksline patirtimi dalijasi humanitarini\u0173, socialini\u0173 ir technologini\u0173 sri\u010di\u0173 specialistai. Pristatomos kalbos technologini\u0173 naujov\u0117s, turimi ar planuojami kurti i\u0161tekliai ir \u012frankiai. Tai svarbiausias CLARIN bendruomen\u0117s met\u0173 renginys atviras pla\u010diajai auditorijai.<\/p>\n\n\n\n<p>Konferencija vyks hibridiniu b\u016bdu \u2013 negalintys vykti \u012f Vien\u0105 ir dalyvauti gyvai, gal\u0117s rengin\u012f steb\u0117ti nuotoliniu b\u016bdu. Prane\u0161ame, kad yra b\u016btina registracija. Daugiau informacijos apie konferencijos program\u0105 ir registracij\u0105 rasite <a href=\"https:\/\/www.clarin.eu\/event\/2025\/clarin-annual-conference-2025\" data-type=\"URL\" data-id=\"https:\/\/www.clarin.eu\/event\/2025\/clarin-annual-conference-2025\">\u010dia<\/a>.<\/p>\n\n\n\n<p>Su\u017einokite da\u017enai u\u017eduodamus klausimus apie kasmetin\u0119 CLARIN konferencij\u0105 <a href=\"https:\/\/www.clarin.eu\/content\/clarin2024-faq-hybrid-event\" data-type=\"URL\" data-id=\"https:\/\/www.clarin.eu\/content\/clarin2024-faq-hybrid-event\">\u010dia<\/a>.<\/p>\n\n\n\n<p>Pra\u0117jusi\u0173 konferencij\u0173 programas, prezentacij\u0173 vaizdo \u012fra\u0161us, straipsnius ir kit\u0105 informacij\u0105 rasite <a href=\"https:\/\/www.clarin.eu\/content\/clarin-annual-conference\" data-type=\"URL\" data-id=\"https:\/\/www.clarin.eu\/content\/clarin-annual-conference\">\u010dia<\/a>.&nbsp;<\/p>\n\n\n\n<hr class=\"wp-block-separator\"\/>\n\n\n\n<p><strong>CLARIN Caf\u00e9. Efektyvus bendravimas su r\u0117m\u0117jais: \u017evilgsnis i\u0161 r\u0117m\u0117j\u0173 pozicijos<\/strong><\/p>\n\n\n\n<figure class=\"wp-block-image size-full\"><a href=\"https:\/\/clarin-lt.lt\/wp-content\/uploads\/2025\/04\/image-44.png\"><img loading=\"lazy\" decoding=\"async\" width=\"975\" height=\"244\" src=\"https:\/\/clarin-lt.lt\/wp-content\/uploads\/2025\/04\/image-44.png\" alt=\"\" class=\"wp-image-2200\" srcset=\"https:\/\/clarin-lt.lt\/wp-content\/uploads\/2025\/04\/image-44.png 975w, https:\/\/clarin-lt.lt\/wp-content\/uploads\/2025\/04\/image-44-300x75.png 300w, https:\/\/clarin-lt.lt\/wp-content\/uploads\/2025\/04\/image-44-768x192.png 768w, https:\/\/clarin-lt.lt\/wp-content\/uploads\/2025\/04\/image-44-100x25.png 100w, https:\/\/clarin-lt.lt\/wp-content\/uploads\/2025\/04\/image-44-150x38.png 150w, https:\/\/clarin-lt.lt\/wp-content\/uploads\/2025\/04\/image-44-200x50.png 200w, https:\/\/clarin-lt.lt\/wp-content\/uploads\/2025\/04\/image-44-450x113.png 450w, https:\/\/clarin-lt.lt\/wp-content\/uploads\/2025\/04\/image-44-600x150.png 600w, https:\/\/clarin-lt.lt\/wp-content\/uploads\/2025\/04\/image-44-900x225.png 900w\" sizes=\"auto, (max-width: 975px) 100vw, 975px\" \/><\/a><\/figure>\n\n\n\n<p><strong>2025 m. gegu\u017e\u0117s 14 d. 16:00\u201317:30<\/strong> <strong>val.<\/strong> vyks nuotolinis <strong>Clarin Caf\u00e9<\/strong> renginys apie bendravimo su r\u0117m\u0117jais ypatumus ir subtilybes \u201eCLARIN Caf\u00e9 &#8211; How to Talk to Your Funder: A Funder&#8217;s Perspective\u201c. Renginio dalyviai su\u017einos kaip parengti stiprias ir veiksmingas parai\u0161kas mokslini\u0173 tyrim\u0173 infrastrukt\u016bros finansavimui gauti.<\/p>\n\n\n\n<p>Nyderland\u0173 mokslini\u0173 tyrim\u0173 organizacijos (NWO) vyresnioji patar\u0117ja <strong>Alice Dijkstra<\/strong> pasidalins svarbiausiomis \u012f\u017evalgomis i\u0161 finansuotojo perspektyvos, paai\u0161kins k\u0105 vert\u0117t\u0173 daryti (ir ko vengti), siekiant u\u017etikrini ilgalaik\u012f mokslini\u0173 tyrim\u0173 finansavim\u0105.<\/p>\n\n\n\n<p><strong>Tikslin\u0117 auditorija<\/strong><br>\u012e \u0161\u012f rengin\u012f kvie\u010diami visi mokslininkai ketinantys teikti parai\u0161kas savo \u0161alies mokslini\u0173 tyrim\u0173 tarybai ar ministerijai.<\/p>\n\n\n\n<p><strong>Renginio programa<\/strong><br>Prane\u0161\u0117ja, Alice Dijkstra, pristatys dviej\u0173 dali\u0173 prane\u0161im\u0105, po kuri\u0173 vyks interaktyvios diskusijos. Prane\u0161ime bus aptariamos: <\/p>\n\n\n\n<ul class=\"wp-block-list\"><li>&#8211; asmenin\u0117s \u012f\u017evalgos i\u0161 ankstesni\u0173 (daugiausia su kalbos technologijomis susijusi\u0173) projekt\u0173 ir program\u0173, taip pat pateikiami praktiniai patarimai, kaip rengti parai\u0161kas finansavimui gauti;<\/li><li>&#8211; patarimai apie bendravim\u0105 su politikos formuotojais: kaip jie m\u0105sto, su kokiais i\u0161\u0161\u016bkiais susiduria ir k\u0105 daryti siekiant atkreipti j\u0173 d\u0117mes\u012f.<\/li><\/ul>\n\n\n\n<p><strong>Clarin Caf\u00e9<\/strong> \u2013 tai atvira ir interaktyvi diskusij\u0173 erdv\u0117, kurioje tyr\u0117jai, d\u0117stytojai, studentai ir ekspertai dalinasi \u017einiomis, id\u0117jomis ir patirtimi. Daugiau informacijos apie \u0161\u012f rengin\u012f rasite <a href=\"https:\/\/www.clarin.eu\/event\/2025\/clarin-cafe-how-talk-your-funder-funders-perspective\">\u010dia<\/a>.<\/p>\n\n\n\n<hr class=\"wp-block-separator\"\/>\n\n\n\n<p>I\u0161samus CLARIN ERIC organizuojam\u0173 rengini\u0173 s\u0105ra\u0161as pateikiamas <a href=\"https:\/\/www.clarin.eu\/events\" data-type=\"URL\" data-id=\"https:\/\/www.clarin.eu\/events\">\u010dia<\/a>.<\/p>\n","protected":false},"excerpt":{"rendered":"<p>Kasmetin\u0117 CLARIN ERIC konferencija 2026 2026 m. rugs\u0117jo 29 \u2013 spalio 1 dienomis Braitone (Jungtin\u0117 Karalyst\u0117) vyks\u00a0kasmetin\u0117 CLARIN konferencija\u00a0\u2013 tai tarpdisciplininis renginys vienijantis socialini\u0173, humanitarini\u0173 ir technologini\u0173 disciplin\u0173 mokslininkus ir praktikus. Be to, \u0161is renginys yra nemokamas ir atviras visiems<span class=\"ellipsis\">&hellip;<\/span><\/p>\n<div class=\"read-more\"><a href=\"https:\/\/clarin-lt.lt\/?page_id=2254\">Read more &#8250;<\/a><\/div>\n<p><!-- end of .read-more --><\/p>\n","protected":false},"author":2,"featured_media":0,"parent":0,"menu_order":0,"comment_status":"closed","ping_status":"closed","template":"full-width-page.php","meta":{"footnotes":""},"class_list":["post-2254","page","type-page","status-publish","hentry"],"_links":{"self":[{"href":"https:\/\/clarin-lt.lt\/index.php?rest_route=\/wp\/v2\/pages\/2254","targetHints":{"allow":["GET"]}}],"collection":[{"href":"https:\/\/clarin-lt.lt\/index.php?rest_route=\/wp\/v2\/pages"}],"about":[{"href":"https:\/\/clarin-lt.lt\/index.php?rest_route=\/wp\/v2\/types\/page"}],"author":[{"embeddable":true,"href":"https:\/\/clarin-lt.lt\/index.php?rest_route=\/wp\/v2\/users\/2"}],"replies":[{"embeddable":true,"href":"https:\/\/clarin-lt.lt\/index.php?rest_route=%2Fwp%2Fv2%2Fcomments&post=2254"}],"version-history":[{"count":12,"href":"https:\/\/clarin-lt.lt\/index.php?rest_route=\/wp\/v2\/pages\/2254\/revisions"}],"predecessor-version":[{"id":3622,"href":"https:\/\/clarin-lt.lt\/index.php?rest_route=\/wp\/v2\/pages\/2254\/revisions\/3622"}],"wp:attachment":[{"href":"https:\/\/clarin-lt.lt\/index.php?rest_route=%2Fwp%2Fv2%2Fmedia&parent=2254"}],"curies":[{"name":"wp","href":"https:\/\/api.w.org\/{rel}","templated":true}]}}