{"id":1363,"date":"2024-10-22T09:08:08","date_gmt":"2024-10-22T07:08:08","guid":{"rendered":"http:\/\/158.129.51.247:8888\/?page_id=1363"},"modified":"2026-03-23T11:07:31","modified_gmt":"2026-03-23T09:07:31","slug":"projektai","status":"publish","type":"page","link":"https:\/\/clarin-lt.lt\/?page_id=1363","title":{"rendered":"Projektai"},"content":{"rendered":"\n<p><strong>2024\u2013(2029) m.<\/strong>&nbsp;CLARIN-LT konsorciumo nariai,&nbsp; VDU (koordinatorius), VU ir MRU, \u012fgyvendina \u201eNaryst\u0117s tarptautin\u0117je mokslini\u0173 tyrim\u0173 infrastrukt\u016broje CLARIN ERIC (Bendr\u0173j\u0173 kalbos i\u0161tekli\u0173 ir technologij\u0173 infrastrukt\u016bra) plan\u0105\u201c (sut. Nr. VS-15). Projektas finansuojamas Lietuvos moksl\u0173 tarybos. <strong>Projekto vadovas: doc. dr. A. Utka.<\/strong><\/p>\n\n\n\n<p>CLARIN-LT konsorciumo valdyb\u0105 sudaro:<\/p>\n\n\n\n<p><strong>Doc. dr. Jurgita Vai\u010denonien\u0117<\/strong> \u2013 Nacionalin\u0117 koordinator\u0117, atstovauja CLARIN-LT nacionalin\u012f konsorcium\u0105 tarptautin\u0117je infrastrukt\u016broje, koordinuoja CLARIN ERIC infrastrukt\u016bros reikalavim\u0173 \u012fgyvendinim\u0105 ir si\u016blom\u0173 paslaug\u0173 sklaid\u0105 nacionaliniu lygmeniu ir atlieka kitas susijusias veiklas.<\/p>\n\n\n\n<p><strong>Prof. dr. Sigita Rackevi\u010dien\u0117<\/strong> ir <strong>doc. dr. Rita Juknevi\u010dien\u0117<\/strong> \u2013 Vartotoj\u0173 pritraukimo koordinator\u0117s, atsakingos u\u017e vartotoj\u0173 pritraukimo veikl\u0105, skatina vartotoj\u0173 dalyvavim\u0105 CLARIN ERIC inciatyvose ir renginiuose, vie\u0161ina konsorciumo veiklas, organizuoja vartotoj\u0173 pritraukimo veiklas, dalyvauja vartotoj\u0173 pritraukimo komiteto pos\u0117d\u017eiuose ir atlieka kitas susijusias veiklas.<\/p>\n\n\n\n<p><strong>Dr. Andrius Puksas<\/strong> \u2013 Teisini\u0173 reikal\u0173 koordinatorius dalyvauja teisini\u0173 reikal\u0173 komiteto pos\u0117d\u017eiuose, ai\u0161kina, rengia ir skelbia analizes susijusias su teisiniais ir etiniais klausimais, skelbia CLARIN patvirtint\u0105 teisin\u0119 ir etin\u0119 politik\u0105, pri\u017ei\u016bri CLARIN palaikom\u0173 licencij\u0173 turin\u012f ir atlieka kitas susijusias veiklas.<\/p>\n\n\n\n<p>Naryst\u0117 CLARIN ERIC infrastrukt\u016broje Lietuvai svarbi tarptautiniu, ekonominiu, socialiniu, moksliniu ir technologiniu po\u017ei\u016briais. CLARIN-LT centras u\u017etikrina galimyb\u0119 naudotis sukauptais \u012fvairi\u0173 kalb\u0173 skaitmeniniais i\u0161tekliais ir technologijomis visoms Lietuvos mokslo ir studij\u0173 institucijoms, taip pat pristato vietini\u0173 tyrim\u0173 rezultatus tarptautinei auditorijai, u\u017etikrina lietuvi\u0161k\u0173 \u0161altini\u0173 integravim\u0105 \u012f bendra-europin\u0119 platform\u0105.<\/p>\n\n\n\n<p><strong>Svarbiausios suplanuotos projekto veiklos:<\/strong><\/p>\n\n\n\n<ul class=\"wp-block-list\">\n<li>\u25cf CLARIN-LT saugyklos europini\u0173 tarptinklini\u0173 ry\u0161i\u0173 palaikymas ir vystymas (metaduomen\u0173 tvarkymas, autentifikacijos palaikymas).<\/li>\n\n\n\n<li>\u25cf CLARIN-LT Konsorciumo svetain\u0117s administravimas ir vystymas (<a href=\"about:blank\">https:\/\/clarin-lt.lt<\/a>).<\/li>\n\n\n\n<li>\u25cf CLARIN-LT duomen\u0173 saugyklos administravimas ir paslaug\u0173 portalo palaikymas (https:\/\/clarin.vdu.lt\/xmlui\/;\u00a0 https:\/\/corpus.vdu.lt ).<\/li>\n\n\n\n<li>\u25cf Dalyvavimas CLARIN ERIC nacionalini\u0173 koordinatori\u0173 forumo ir komitet\u0173 pos\u0117d\u017eiuose.<\/li>\n\n\n\n<li>\u25cf Dalyvavimas ir ataskait\u0173 rengimas kasmetin\u0117je CLARIN ERIC Generalin\u0117je asambl\u0117joje.<\/li>\n\n\n\n<li>\u25cf Lietuvos tyr\u0117j\u0173 dalyvavimas aktualiuose mokslin\u0117s seminaruose ar konferencijose (komandiruot\u0117s).<\/li>\n\n\n\n<li>\u25cf Suorganizuoti kasmetiniai CLARIN-LT seminarai, pristatantys centro veikl\u0105.<\/li>\n\n\n\n<li>\u25cf \u017dini\u0173 centro veikla, teikiant konsultacines paslaugas lietuvi\u0173 kalbos technologij\u0173 vystymo ir pritaikymo praktikoje klausimais.<\/li>\n\n\n\n<li>\u25cf Suorganizuoti vie\u0161inimo ir nauj\u0173 vartotoj\u0173 pritraukimo renginiai (Vie\u0161ojo sektoriaus, akademini\u0173 ir verslo vartotoj\u0173 pritraukimo rengini\u0173 ruo\u0161imas ir informacijos sklaida).<\/li>\n\n\n\n<li>\u25cf Mokslo straipsni\u0173 publikavimas.<\/li>\n\n\n\n<li>\u25cf CLARIN-LT atviros prieigos saugyklos atnaujinimas.<\/li>\n\n\n\n<li>\u25cf CLARIN-LT B-tipo centro, pagal nuostatus kuruojan\u010dio, atviros prieigos talpykl\u0105, veiklos, sertifikavimo organizavimas, atvirosios prieigos duomen\u0173 talpyklos sertifikavimas.<\/li>\n\n\n\n<li>\u25cf Egzistuojan\u010di\u0173, kuriam\u0173 atvir\u0173j\u0173 duomen\u0173 tvarkyba pagal FAIR ir BDAR principus tvarkymas, kontrol\u0117, FAIR princip\u0173 ir atvirojo mokslo bei atvir\u0173j\u0173 duomen\u0173 skatinimas bei populiarinimas.<\/li>\n<\/ul>\n\n\n\n<hr class=\"wp-block-separator has-css-opacity\"\/>\n\n\n\n<p><strong>2017 m.<\/strong> CLARIN LT vykd\u0117 projekt\u0105 CLARIN-PLUS, Nr. 676529 (H2020-INFRADEV-1-2015-1) (daugiau informacijos <a rel=\"noreferrer noopener\" href=\"https:\/\/www.clarin.eu\/content\/factsheet-clarin-plus\" data-type=\"URL\" data-id=\"https:\/\/www.clarin.eu\/content\/factsheet-clarin-plus\" target=\"_blank\">\u010dia<\/a>), kurio metu surengtas seminaras \u201e<em><strong>Socialini\u0173 medij\u0173 i\u0161tekli\u0173 k\u016brimas ir naudojimas<\/strong><\/em>\u201c.<\/p>\n\n\n\n<hr class=\"wp-block-separator has-css-opacity\"\/>\n\n\n\n<p><strong>2015\u20132016 m.<\/strong>&nbsp;VDU KLC ir VDU Informatikos fakultetas, kartu su VU ir KTU partneriais vykd\u0117 projekt\u0105 Lietuvos naryst\u0117 tarptautin\u0117je mokslini\u0173 tyrim\u0173 infrastrukt\u016broje \u2013 \u201eBendrosios kalbos i\u0161tekli\u0173 ir technologij\u0173 infrastrukt\u016bra Europos mokslini\u0173 tyrim\u0173 infrastrukt\u016bros konsorciumas (CLARIN ERIC)\u201c. Projekto vadovas: doc. dr. A. Utka. <\/p>\n\n\n\n<p><\/p>\n","protected":false},"excerpt":{"rendered":"<p>2024\u2013(2029) m.&nbsp;CLARIN-LT konsorciumo nariai,&nbsp; VDU (koordinatorius), VU ir MRU, \u012fgyvendina \u201eNaryst\u0117s tarptautin\u0117je mokslini\u0173 tyrim\u0173 infrastrukt\u016broje CLARIN ERIC (Bendr\u0173j\u0173 kalbos i\u0161tekli\u0173 ir technologij\u0173 infrastrukt\u016bra) plan\u0105\u201c (sut. Nr. VS-15). Projektas finansuojamas Lietuvos moksl\u0173 tarybos. Projekto vadovas: doc. dr. A. Utka. CLARIN-LT konsorciumo<span class=\"ellipsis\">&hellip;<\/span><\/p>\n<div class=\"read-more\"><a href=\"https:\/\/clarin-lt.lt\/?page_id=1363\">Read more &#8250;<\/a><\/div>\n<p><!-- end of .read-more --><\/p>\n","protected":false},"author":2,"featured_media":0,"parent":0,"menu_order":0,"comment_status":"closed","ping_status":"closed","template":"full-width-page.php","meta":{"footnotes":""},"class_list":["post-1363","page","type-page","status-publish","hentry"],"_links":{"self":[{"href":"https:\/\/clarin-lt.lt\/index.php?rest_route=\/wp\/v2\/pages\/1363","targetHints":{"allow":["GET"]}}],"collection":[{"href":"https:\/\/clarin-lt.lt\/index.php?rest_route=\/wp\/v2\/pages"}],"about":[{"href":"https:\/\/clarin-lt.lt\/index.php?rest_route=\/wp\/v2\/types\/page"}],"author":[{"embeddable":true,"href":"https:\/\/clarin-lt.lt\/index.php?rest_route=\/wp\/v2\/users\/2"}],"replies":[{"embeddable":true,"href":"https:\/\/clarin-lt.lt\/index.php?rest_route=%2Fwp%2Fv2%2Fcomments&post=1363"}],"version-history":[{"count":10,"href":"https:\/\/clarin-lt.lt\/index.php?rest_route=\/wp\/v2\/pages\/1363\/revisions"}],"predecessor-version":[{"id":3797,"href":"https:\/\/clarin-lt.lt\/index.php?rest_route=\/wp\/v2\/pages\/1363\/revisions\/3797"}],"wp:attachment":[{"href":"https:\/\/clarin-lt.lt\/index.php?rest_route=%2Fwp%2Fv2%2Fmedia&parent=1363"}],"curies":[{"name":"wp","href":"https:\/\/api.w.org\/{rel}","templated":true}]}}